{"id":1025,"date":"2023-12-07T13:16:54","date_gmt":"2023-12-07T12:16:54","guid":{"rendered":"http:\/\/monfiscal.com\/equipo\/almacellas\/"},"modified":"2026-02-10T17:48:30","modified_gmt":"2026-02-10T16:48:30","slug":"almacellas","status":"publish","type":"page","link":"https:\/\/monfiscal.com\/ca\/equip\/almacellas\/","title":{"rendered":"Almacelles"},"content":{"rendered":"\t\t<div data-elementor-type=\"wp-page\" data-elementor-id=\"1025\" class=\"elementor elementor-1025 elementor-88\" data-elementor-post-type=\"page\">\n\t\t\t\t<div class=\"elementor-element elementor-element-4ac8820 e-flex e-con-boxed e-con e-parent\" data-id=\"4ac8820\" data-element_type=\"container\" data-e-type=\"container\" data-settings=\"{&quot;background_background&quot;:&quot;classic&quot;}\">\n\t\t\t\t\t<div class=\"e-con-inner\">\n\t\t<div class=\"elementor-element elementor-element-afa6997 e-flex e-con-boxed e-con e-child\" data-id=\"afa6997\" data-element_type=\"container\" data-e-type=\"container\" data-settings=\"{&quot;background_background&quot;:&quot;slideshow&quot;,&quot;background_slideshow_gallery&quot;:[{&quot;id&quot;:670,&quot;url&quot;:&quot;https:\\\/\\\/monfiscal.com\\\/wp-content\\\/uploads\\\/2023\\\/12\\\/monfiscal-lleida.jpg&quot;}],&quot;background_slideshow_ken_burns&quot;:&quot;yes&quot;,&quot;background_slideshow_loop&quot;:&quot;yes&quot;,&quot;background_slideshow_slide_duration&quot;:5000,&quot;background_slideshow_slide_transition&quot;:&quot;fade&quot;,&quot;background_slideshow_transition_duration&quot;:500,&quot;background_slideshow_ken_burns_zoom_direction&quot;:&quot;in&quot;}\">\n\t\t\t\t\t<div class=\"e-con-inner\">\n\t\t\t\t<div class=\"elementor-element elementor-element-6e47b11 elementor--h-position-center elementor--v-position-middle elementor-widget elementor-widget-slides\" data-id=\"6e47b11\" data-element_type=\"widget\" data-e-type=\"widget\" data-settings=\"{&quot;navigation&quot;:&quot;none&quot;,&quot;autoplay_speed&quot;:5018,&quot;transition&quot;:&quot;fade&quot;,&quot;autoplay&quot;:&quot;yes&quot;,&quot;infinite&quot;:&quot;yes&quot;,&quot;transition_speed&quot;:500}\" data-widget_type=\"slides.default\">\n\t\t\t\t<div class=\"elementor-widget-container\">\n\t\t\t\t\t\t\t\t\t<div class=\"elementor-swiper\">\n\t\t\t\t\t<div class=\"elementor-slides-wrapper elementor-main-swiper swiper\" role=\"region\" aria-roledescription=\"carousel\" aria-label=\"Diapositivas\" dir=\"ltr\" data-animation=\"fadeInUp\">\n\t\t\t\t<div class=\"swiper-wrapper elementor-slides\">\n\t\t\t\t\t\t\t\t\t\t<div class=\"elementor-repeater-item-a7fe662 swiper-slide\" role=\"group\" aria-roledescription=\"slide\"><div class=\"swiper-slide-bg\"><\/div><div class=\"swiper-slide-inner\" ><div class=\"swiper-slide-contents\"><h1 class=\"elementor-slide-heading\">El nostre equip<\/h1><\/div><\/div><\/div>\t\t\t\t<\/div>\n\t\t\t\t\t\t\t<\/div>\n\t\t\t\t<\/div>\n\t\t\t\t\t\t\t\t<\/div>\n\t\t\t\t<\/div>\n\t\t\t\t\t<\/div>\n\t\t\t\t<\/div>\n\t\t\t\t\t<\/div>\n\t\t\t\t<\/div>\n\t\t<div class=\"elementor-element elementor-element-fb9d0ba e-flex e-con-boxed e-con e-parent\" data-id=\"fb9d0ba\" data-element_type=\"container\" data-e-type=\"container\">\n\t\t\t\t\t<div class=\"e-con-inner\">\n\t\t\t\t<div class=\"elementor-element elementor-element-2b504a7 elementor-widget elementor-widget-button\" data-id=\"2b504a7\" data-element_type=\"widget\" data-e-type=\"widget\" data-widget_type=\"button.default\">\n\t\t\t\t<div class=\"elementor-widget-container\">\n\t\t\t\t\t\t\t\t\t<div class=\"elementor-button-wrapper\">\n\t\t\t\t\t<a class=\"elementor-button elementor-button-link elementor-size-sm\" href=\"https:\/\/monfiscal.com\/ca\/equipo\/lleida\/\">\n\t\t\t\t\t\t<span class=\"elementor-button-content-wrapper\">\n\t\t\t\t\t\t\t\t\t<span class=\"elementor-button-text\">Lleida<\/span>\n\t\t\t\t\t<\/span>\n\t\t\t\t\t<\/a>\n\t\t\t\t<\/div>\n\t\t\t\t\t\t\t\t<\/div>\n\t\t\t\t<\/div>\n\t\t\t\t<div class=\"elementor-element elementor-element-eb62b78 elementor-widget elementor-widget-button\" data-id=\"eb62b78\" data-element_type=\"widget\" data-e-type=\"widget\" data-widget_type=\"button.default\">\n\t\t\t\t<div class=\"elementor-widget-container\">\n\t\t\t\t\t\t\t\t\t<div class=\"elementor-button-wrapper\">\n\t\t\t\t\t<a class=\"elementor-button elementor-button-link elementor-size-sm\" href=\"https:\/\/monfiscal.com\/ca\/equipo\/almacellas\/\">\n\t\t\t\t\t\t<span class=\"elementor-button-content-wrapper\">\n\t\t\t\t\t\t\t\t\t<span class=\"elementor-button-text\">Almacelles<\/span>\n\t\t\t\t\t<\/span>\n\t\t\t\t\t<\/a>\n\t\t\t\t<\/div>\n\t\t\t\t\t\t\t\t<\/div>\n\t\t\t\t<\/div>\n\t\t\t\t\t<\/div>\n\t\t\t\t<\/div>\n\t\t<div class=\"elementor-element elementor-element-ac1ea78 e-flex e-con-boxed e-con e-parent\" data-id=\"ac1ea78\" data-element_type=\"container\" data-e-type=\"container\">\n\t\t\t\t\t<div class=\"e-con-inner\">\n\t\t<div class=\"elementor-element elementor-element-6ee45d0 e-con-full e-flex e-con e-child\" data-id=\"6ee45d0\" data-element_type=\"container\" data-e-type=\"container\">\n\t\t\t\t<div class=\"elementor-element elementor-element-243d3fc elementor-widget elementor-widget-heading\" data-id=\"243d3fc\" data-element_type=\"widget\" data-e-type=\"widget\" data-widget_type=\"heading.default\">\n\t\t\t\t<div class=\"elementor-widget-container\">\n\t\t\t\t\t<h2 class=\"elementor-heading-title elementor-size-default\">Departament <br><strong>Fiscal \/ Comptable<\/strong><\/h2>\t\t\t\t<\/div>\n\t\t\t\t<\/div>\n\t\t\t\t<div class=\"elementor-element elementor-element-1d8b80a elementor-widget-divider--view-line elementor-widget elementor-widget-divider\" data-id=\"1d8b80a\" data-element_type=\"widget\" data-e-type=\"widget\" data-widget_type=\"divider.default\">\n\t\t\t\t<div class=\"elementor-widget-container\">\n\t\t\t\t\t\t\t<div class=\"elementor-divider\">\n\t\t\t<span class=\"elementor-divider-separator\">\n\t\t\t\t\t\t<\/span>\n\t\t<\/div>\n\t\t\t\t\t\t<\/div>\n\t\t\t\t<\/div>\n\t\t\t\t<div class=\"elementor-element elementor-element-9afddf4 elementor-position-left elementor-vertical-align-top elementor-widget elementor-widget-image-box\" data-id=\"9afddf4\" data-element_type=\"widget\" data-e-type=\"widget\" data-widget_type=\"image-box.default\">\n\t\t\t\t<div class=\"elementor-widget-container\">\n\t\t\t\t\t<div class=\"elementor-image-box-wrapper\"><figure class=\"elementor-image-box-img\"><a href=\"http:\/\/es.linkedin.com\/pub\/carlos-montes-martinez\/47\/650\/bb3\" target=\"_blank\" rel=\"nofollow noopener\" tabindex=\"-1\"><img fetchpriority=\"high\" decoding=\"async\" width=\"616\" height=\"616\" src=\"https:\/\/monfiscal.com\/wp-content\/uploads\/2023\/12\/silueta-m-02.jpg\" class=\"attachment-full size-full wp-image-674\" alt=\"\" \/><\/a><\/figure><div class=\"elementor-image-box-content\"><h3 class=\"elementor-image-box-title\"><a href=\"http:\/\/es.linkedin.com\/pub\/carlos-montes-martinez\/47\/650\/bb3\" target=\"_blank\" rel=\"nofollow noopener\">Carlos Montes Mart\u00ednez<\/a><\/h3><p class=\"elementor-image-box-description\">Economista - Auditor\n<br>Assessor Fiscal \u2013 Gestor Administratiu<\/p><\/div><\/div>\t\t\t\t<\/div>\n\t\t\t\t<\/div>\n\t\t\t\t<div class=\"elementor-element elementor-element-01a54c4 elementor-position-left elementor-vertical-align-top elementor-widget elementor-widget-image-box\" data-id=\"01a54c4\" data-element_type=\"widget\" data-e-type=\"widget\" data-widget_type=\"image-box.default\">\n\t\t\t\t<div class=\"elementor-widget-container\">\n\t\t\t\t\t<div class=\"elementor-image-box-wrapper\"><figure class=\"elementor-image-box-img\"><img decoding=\"async\" width=\"616\" height=\"616\" src=\"https:\/\/monfiscal.com\/wp-content\/uploads\/2023\/12\/silueta-m-01.jpg\" class=\"attachment-full size-full wp-image-673\" alt=\"\" \/><\/figure><div class=\"elementor-image-box-content\"><h3 class=\"elementor-image-box-title\">Juan Terradellas Biosca<\/h3><p class=\"elementor-image-box-description\">Diplomat en Ci\u00e8ncies Empresarials\n<br>M\u00e0ster en Fiscalitat per la Universitat S. Pablo CEU<\/p><\/div><\/div>\t\t\t\t<\/div>\n\t\t\t\t<\/div>\n\t\t\t\t<div class=\"elementor-element elementor-element-dce9e4d elementor-position-left elementor-vertical-align-top elementor-widget elementor-widget-image-box\" data-id=\"dce9e4d\" data-element_type=\"widget\" data-e-type=\"widget\" data-widget_type=\"image-box.default\">\n\t\t\t\t<div class=\"elementor-widget-container\">\n\t\t\t\t\t<div class=\"elementor-image-box-wrapper\"><figure class=\"elementor-image-box-img\"><a href=\"http:\/\/es.linkedin.com\/pub\/carlos-montes-martinez\/47\/650\/bb3\" target=\"_blank\" rel=\"nofollow noopener\" tabindex=\"-1\"><img fetchpriority=\"high\" decoding=\"async\" width=\"616\" height=\"616\" src=\"https:\/\/monfiscal.com\/wp-content\/uploads\/2023\/12\/silueta-m-02.jpg\" class=\"attachment-full size-full wp-image-674\" alt=\"\" \/><\/a><\/figure><div class=\"elementor-image-box-content\"><h3 class=\"elementor-image-box-title\"><a href=\"http:\/\/es.linkedin.com\/pub\/carlos-montes-martinez\/47\/650\/bb3\" target=\"_blank\" rel=\"nofollow noopener\">Josep Maria Bonet Reves<\/a><\/h3><p class=\"elementor-image-box-description\">Comptable \/ Fiscalista<\/p><\/div><\/div>\t\t\t\t<\/div>\n\t\t\t\t<\/div>\n\t\t\t\t<div class=\"elementor-element elementor-element-92fccfd elementor-position-left elementor-vertical-align-top elementor-widget elementor-widget-image-box\" data-id=\"92fccfd\" data-element_type=\"widget\" data-e-type=\"widget\" data-widget_type=\"image-box.default\">\n\t\t\t\t<div class=\"elementor-widget-container\">\n\t\t\t\t\t<div class=\"elementor-image-box-wrapper\"><figure class=\"elementor-image-box-img\"><img decoding=\"async\" width=\"616\" height=\"616\" src=\"https:\/\/monfiscal.com\/wp-content\/uploads\/2023\/12\/silueta-f-01.jpg\" class=\"attachment-full size-full wp-image-671\" alt=\"\" \/><\/figure><div class=\"elementor-image-box-content\"><h3 class=\"elementor-image-box-title\">Sabina Alv\u00e1rez Sang\u00fcesa<\/h3><p class=\"elementor-image-box-description\">T\u00e8cnica en gesti\u00f3 administrativa<\/p><\/div><\/div>\t\t\t\t<\/div>\n\t\t\t\t<\/div>\n\t\t\t\t<div class=\"elementor-element elementor-element-6139513 elementor-position-left elementor-vertical-align-top elementor-widget elementor-widget-image-box\" data-id=\"6139513\" data-element_type=\"widget\" data-e-type=\"widget\" data-widget_type=\"image-box.default\">\n\t\t\t\t<div class=\"elementor-widget-container\">\n\t\t\t\t\t<div class=\"elementor-image-box-wrapper\"><figure class=\"elementor-image-box-img\"><img decoding=\"async\" width=\"616\" height=\"616\" src=\"https:\/\/monfiscal.com\/wp-content\/uploads\/2023\/12\/silueta-m-01.jpg\" class=\"attachment-full size-full wp-image-673\" alt=\"\" \/><\/figure><div class=\"elementor-image-box-content\"><h3 class=\"elementor-image-box-title\">Aleix Valle Alba<\/h3><p class=\"elementor-image-box-description\">CFGS Administraci\u00f3 i Finances<\/p><\/div><\/div>\t\t\t\t<\/div>\n\t\t\t\t<\/div>\n\t\t\t\t<div class=\"elementor-element elementor-element-4cb99ae elementor-position-left elementor-vertical-align-top elementor-widget elementor-widget-image-box\" data-id=\"4cb99ae\" data-element_type=\"widget\" data-e-type=\"widget\" data-widget_type=\"image-box.default\">\n\t\t\t\t<div class=\"elementor-widget-container\">\n\t\t\t\t\t<div class=\"elementor-image-box-wrapper\"><figure class=\"elementor-image-box-img\"><img loading=\"lazy\" decoding=\"async\" width=\"616\" height=\"616\" src=\"https:\/\/monfiscal.com\/wp-content\/uploads\/2025\/03\/silueta-f-01-1.jpg\" class=\"attachment-full size-full wp-image-1539\" alt=\"\" \/><\/figure><div class=\"elementor-image-box-content\"><h3 class=\"elementor-image-box-title\">Ramona Morea Garz\u00f3n<\/h3><p class=\"elementor-image-box-description\">T\u00e8cnica en gesti\u00f3 administrativa<\/p><\/div><\/div>\t\t\t\t<\/div>\n\t\t\t\t<\/div>\n\t\t\t\t<div class=\"elementor-element elementor-element-21de335 elementor-position-left elementor-vertical-align-top elementor-widget elementor-widget-image-box\" data-id=\"21de335\" data-element_type=\"widget\" data-e-type=\"widget\" data-widget_type=\"image-box.default\">\n\t\t\t\t<div class=\"elementor-widget-container\">\n\t\t\t\t\t<div class=\"elementor-image-box-wrapper\"><figure class=\"elementor-image-box-img\"><img fetchpriority=\"high\" decoding=\"async\" width=\"616\" height=\"616\" src=\"https:\/\/monfiscal.com\/wp-content\/uploads\/2023\/12\/silueta-m-02.jpg\" class=\"attachment-full size-full wp-image-674\" alt=\"\" \/><\/figure><div class=\"elementor-image-box-content\"><h3 class=\"elementor-image-box-title\">Daniel Villegas Gallego<\/h3><p class=\"elementor-image-box-description\">CFGM Administraci\u00f3<\/p><\/div><\/div>\t\t\t\t<\/div>\n\t\t\t\t<\/div>\n\t\t\t\t<div class=\"elementor-element elementor-element-3d33513 elementor-position-left elementor-vertical-align-top elementor-widget elementor-widget-image-box\" data-id=\"3d33513\" data-element_type=\"widget\" data-e-type=\"widget\" data-widget_type=\"image-box.default\">\n\t\t\t\t<div class=\"elementor-widget-container\">\n\t\t\t\t\t<div class=\"elementor-image-box-wrapper\"><figure class=\"elementor-image-box-img\"><img loading=\"lazy\" decoding=\"async\" width=\"616\" height=\"616\" src=\"https:\/\/monfiscal.com\/wp-content\/uploads\/2025\/03\/silueta-f-01-1.jpg\" class=\"attachment-full size-full wp-image-1539\" alt=\"\" \/><\/figure><div class=\"elementor-image-box-content\"><h3 class=\"elementor-image-box-title\">Ruth Gonz\u00e1lez Tomas<\/h3><p class=\"elementor-image-box-description\">Administrativa\n<\/p><\/div><\/div>\t\t\t\t<\/div>\n\t\t\t\t<\/div>\n\t\t\t\t<\/div>\n\t\t<div class=\"elementor-element elementor-element-c97e14b e-con-full e-flex e-con e-child\" data-id=\"c97e14b\" data-element_type=\"container\" data-e-type=\"container\">\n\t\t\t\t<div class=\"elementor-element elementor-element-95cc649 elementor-widget elementor-widget-heading\" data-id=\"95cc649\" data-element_type=\"widget\" data-e-type=\"widget\" data-widget_type=\"heading.default\">\n\t\t\t\t<div class=\"elementor-widget-container\">\n\t\t\t\t\t<h2 class=\"elementor-heading-title elementor-size-default\">Departament <br><strong>Laboral<\/strong><\/h2>\t\t\t\t<\/div>\n\t\t\t\t<\/div>\n\t\t\t\t<div class=\"elementor-element elementor-element-9d8cc18 elementor-widget-divider--view-line elementor-widget elementor-widget-divider\" data-id=\"9d8cc18\" data-element_type=\"widget\" data-e-type=\"widget\" data-widget_type=\"divider.default\">\n\t\t\t\t<div class=\"elementor-widget-container\">\n\t\t\t\t\t\t\t<div class=\"elementor-divider\">\n\t\t\t<span class=\"elementor-divider-separator\">\n\t\t\t\t\t\t<\/span>\n\t\t<\/div>\n\t\t\t\t\t\t<\/div>\n\t\t\t\t<\/div>\n\t\t\t\t<div class=\"elementor-element elementor-element-e4cfe7d elementor-position-left elementor-vertical-align-top elementor-widget elementor-widget-image-box\" data-id=\"e4cfe7d\" data-element_type=\"widget\" data-e-type=\"widget\" data-widget_type=\"image-box.default\">\n\t\t\t\t<div class=\"elementor-widget-container\">\n\t\t\t\t\t<div class=\"elementor-image-box-wrapper\"><figure class=\"elementor-image-box-img\"><img decoding=\"async\" width=\"616\" height=\"616\" src=\"https:\/\/monfiscal.com\/wp-content\/uploads\/2023\/12\/silueta-f-01.jpg\" class=\"attachment-full size-full wp-image-671\" alt=\"\" \/><\/figure><div class=\"elementor-image-box-content\"><h3 class=\"elementor-image-box-title\">Mari S\u00e1nchez Jara<\/h3><p class=\"elementor-image-box-description\">T\u00e8cnica en gesti\u00f3 administrativa<\/p><\/div><\/div>\t\t\t\t<\/div>\n\t\t\t\t<\/div>\n\t\t\t\t<div class=\"elementor-element elementor-element-8b7c200 elementor-position-left elementor-vertical-align-top elementor-widget elementor-widget-image-box\" data-id=\"8b7c200\" data-element_type=\"widget\" data-e-type=\"widget\" data-widget_type=\"image-box.default\">\n\t\t\t\t<div class=\"elementor-widget-container\">\n\t\t\t\t\t<div class=\"elementor-image-box-wrapper\"><figure class=\"elementor-image-box-img\"><img loading=\"lazy\" decoding=\"async\" width=\"616\" height=\"616\" src=\"https:\/\/monfiscal.com\/wp-content\/uploads\/2025\/03\/silueta-f-01.jpg\" class=\"attachment-full size-full wp-image-1537\" alt=\"\" \/><\/figure><div class=\"elementor-image-box-content\"><h3 class=\"elementor-image-box-title\">Yolanda Susi Consuegra<\/h3><p class=\"elementor-image-box-description\">T\u00e8cnica en gesti\u00f3 administrativa<\/p><\/div><\/div>\t\t\t\t<\/div>\n\t\t\t\t<\/div>\n\t\t\t\t<\/div>\n\t\t\t\t\t<\/div>\n\t\t\t\t<\/div>\n\t\t\t\t<\/div>\n\t\t","protected":false},"excerpt":{"rendered":"<p>El nostre equip Lleida Almacelles Departament Fiscal \/ Comptable Carlos Montes Mart\u00ednez Economista &#8211; Auditor Assessor Fiscal \u2013 Gestor Administratiu Juan Terradellas Biosca Diplomat en Ci\u00e8ncies Empresarials M\u00e0ster en Fiscalitat per la Universitat S. Pablo CEU Josep Maria Bonet Reves Comptable \/ Fiscalista Sabina Alv\u00e1rez Sang\u00fcesa T\u00e8cnica en gesti\u00f3 administrativa Aleix Valle Alba CFGS Administraci\u00f3 [&hellip;]<\/p>\n","protected":false},"author":2,"featured_media":0,"parent":987,"menu_order":0,"comment_status":"closed","ping_status":"closed","template":"","meta":{"footnotes":""},"class_list":["post-1025","page","type-page","status-publish","hentry"],"_links":{"self":[{"href":"https:\/\/monfiscal.com\/ca\/wp-json\/wp\/v2\/pages\/1025","targetHints":{"allow":["GET"]}}],"collection":[{"href":"https:\/\/monfiscal.com\/ca\/wp-json\/wp\/v2\/pages"}],"about":[{"href":"https:\/\/monfiscal.com\/ca\/wp-json\/wp\/v2\/types\/page"}],"author":[{"embeddable":true,"href":"https:\/\/monfiscal.com\/ca\/wp-json\/wp\/v2\/users\/2"}],"replies":[{"embeddable":true,"href":"https:\/\/monfiscal.com\/ca\/wp-json\/wp\/v2\/comments?post=1025"}],"version-history":[{"count":13,"href":"https:\/\/monfiscal.com\/ca\/wp-json\/wp\/v2\/pages\/1025\/revisions"}],"predecessor-version":[{"id":1624,"href":"https:\/\/monfiscal.com\/ca\/wp-json\/wp\/v2\/pages\/1025\/revisions\/1624"}],"up":[{"embeddable":true,"href":"https:\/\/monfiscal.com\/ca\/wp-json\/wp\/v2\/pages\/987"}],"wp:attachment":[{"href":"https:\/\/monfiscal.com\/ca\/wp-json\/wp\/v2\/media?parent=1025"}],"curies":[{"name":"wp","href":"https:\/\/api.w.org\/{rel}","templated":true}]}}