{"id":1026,"date":"2023-12-07T13:16:42","date_gmt":"2023-12-07T12:16:42","guid":{"rendered":"http:\/\/monfiscal.com\/equipo\/lleida\/"},"modified":"2026-02-16T06:27:24","modified_gmt":"2026-02-16T05:27:24","slug":"lleida","status":"publish","type":"page","link":"https:\/\/monfiscal.com\/ca\/equip\/lleida\/","title":{"rendered":"Lleida"},"content":{"rendered":"\t\t<div data-elementor-type=\"wp-page\" data-elementor-id=\"1026\" class=\"elementor elementor-1026 elementor-86\" data-elementor-post-type=\"page\">\n\t\t\t\t<div class=\"elementor-element elementor-element-bf5fcbf e-flex e-con-boxed e-con e-parent\" data-id=\"bf5fcbf\" data-element_type=\"container\" data-e-type=\"container\" data-settings=\"{&quot;background_background&quot;:&quot;classic&quot;}\">\n\t\t\t\t\t<div class=\"e-con-inner\">\n\t\t<div class=\"elementor-element elementor-element-588be2f e-flex e-con-boxed e-con e-child\" data-id=\"588be2f\" data-element_type=\"container\" data-e-type=\"container\" data-settings=\"{&quot;background_background&quot;:&quot;slideshow&quot;,&quot;background_slideshow_gallery&quot;:[{&quot;id&quot;:670,&quot;url&quot;:&quot;https:\\\/\\\/monfiscal.com\\\/wp-content\\\/uploads\\\/2023\\\/12\\\/monfiscal-lleida.jpg&quot;}],&quot;background_slideshow_ken_burns&quot;:&quot;yes&quot;,&quot;background_slideshow_loop&quot;:&quot;yes&quot;,&quot;background_slideshow_slide_duration&quot;:5000,&quot;background_slideshow_slide_transition&quot;:&quot;fade&quot;,&quot;background_slideshow_transition_duration&quot;:500,&quot;background_slideshow_ken_burns_zoom_direction&quot;:&quot;in&quot;}\">\n\t\t\t\t\t<div class=\"e-con-inner\">\n\t\t\t\t<div class=\"elementor-element elementor-element-bda1760 elementor--h-position-center elementor--v-position-middle elementor-widget elementor-widget-slides\" data-id=\"bda1760\" data-element_type=\"widget\" data-e-type=\"widget\" data-settings=\"{&quot;navigation&quot;:&quot;none&quot;,&quot;autoplay_speed&quot;:5018,&quot;transition&quot;:&quot;fade&quot;,&quot;autoplay&quot;:&quot;yes&quot;,&quot;infinite&quot;:&quot;yes&quot;,&quot;transition_speed&quot;:500}\" data-widget_type=\"slides.default\">\n\t\t\t\t<div class=\"elementor-widget-container\">\n\t\t\t\t\t\t\t\t\t<div class=\"elementor-swiper\">\n\t\t\t\t\t<div class=\"elementor-slides-wrapper elementor-main-swiper swiper\" role=\"region\" aria-roledescription=\"carousel\" aria-label=\"Diapositivas\" dir=\"ltr\" data-animation=\"fadeInUp\">\n\t\t\t\t<div class=\"swiper-wrapper elementor-slides\">\n\t\t\t\t\t\t\t\t\t\t<div class=\"elementor-repeater-item-a7fe662 swiper-slide\" role=\"group\" aria-roledescription=\"slide\"><div class=\"swiper-slide-bg\"><\/div><div class=\"swiper-slide-inner\" ><div class=\"swiper-slide-contents\"><h1 class=\"elementor-slide-heading\">El nostre equip<\/h1><\/div><\/div><\/div>\t\t\t\t<\/div>\n\t\t\t\t\t\t\t<\/div>\n\t\t\t\t<\/div>\n\t\t\t\t\t\t\t\t<\/div>\n\t\t\t\t<\/div>\n\t\t\t\t\t<\/div>\n\t\t\t\t<\/div>\n\t\t\t\t\t<\/div>\n\t\t\t\t<\/div>\n\t\t<div class=\"elementor-element elementor-element-13d2658 e-flex e-con-boxed e-con e-parent\" data-id=\"13d2658\" data-element_type=\"container\" data-e-type=\"container\">\n\t\t\t\t\t<div class=\"e-con-inner\">\n\t\t\t\t<div class=\"elementor-element elementor-element-63f73ec elementor-widget elementor-widget-button\" data-id=\"63f73ec\" data-element_type=\"widget\" data-e-type=\"widget\" data-widget_type=\"button.default\">\n\t\t\t\t<div class=\"elementor-widget-container\">\n\t\t\t\t\t\t\t\t\t<div class=\"elementor-button-wrapper\">\n\t\t\t\t\t<a class=\"elementor-button elementor-button-link elementor-size-sm\" href=\"https:\/\/monfiscal.com\/ca\/equipo\/lleida\/\">\n\t\t\t\t\t\t<span class=\"elementor-button-content-wrapper\">\n\t\t\t\t\t\t\t\t\t<span class=\"elementor-button-text\">Lleida<\/span>\n\t\t\t\t\t<\/span>\n\t\t\t\t\t<\/a>\n\t\t\t\t<\/div>\n\t\t\t\t\t\t\t\t<\/div>\n\t\t\t\t<\/div>\n\t\t\t\t<div class=\"elementor-element elementor-element-f8a6de5 elementor-widget elementor-widget-button\" data-id=\"f8a6de5\" data-element_type=\"widget\" data-e-type=\"widget\" data-widget_type=\"button.default\">\n\t\t\t\t<div class=\"elementor-widget-container\">\n\t\t\t\t\t\t\t\t\t<div class=\"elementor-button-wrapper\">\n\t\t\t\t\t<a class=\"elementor-button elementor-button-link elementor-size-sm\" href=\"https:\/\/monfiscal.com\/ca\/equipo\/almacellas\/\">\n\t\t\t\t\t\t<span class=\"elementor-button-content-wrapper\">\n\t\t\t\t\t\t\t\t\t<span class=\"elementor-button-text\">Almacelles<\/span>\n\t\t\t\t\t<\/span>\n\t\t\t\t\t<\/a>\n\t\t\t\t<\/div>\n\t\t\t\t\t\t\t\t<\/div>\n\t\t\t\t<\/div>\n\t\t\t\t\t<\/div>\n\t\t\t\t<\/div>\n\t\t<div class=\"elementor-element elementor-element-04ead1a e-flex e-con-boxed e-con e-parent\" data-id=\"04ead1a\" data-element_type=\"container\" data-e-type=\"container\">\n\t\t\t\t\t<div class=\"e-con-inner\">\n\t\t<div class=\"elementor-element elementor-element-762eb7a e-con-full e-flex e-con e-child\" data-id=\"762eb7a\" data-element_type=\"container\" data-e-type=\"container\">\n\t\t\t\t<div class=\"elementor-element elementor-element-6c051ab elementor-widget elementor-widget-heading\" data-id=\"6c051ab\" data-element_type=\"widget\" data-e-type=\"widget\" data-widget_type=\"heading.default\">\n\t\t\t\t<div class=\"elementor-widget-container\">\n\t\t\t\t\t<h2 class=\"elementor-heading-title elementor-size-default\">Departament <br><strong>Fiscal \/ Comptable<\/strong><\/h2>\t\t\t\t<\/div>\n\t\t\t\t<\/div>\n\t\t\t\t<div class=\"elementor-element elementor-element-9d2c4f2 elementor-widget-divider--view-line elementor-widget elementor-widget-divider\" data-id=\"9d2c4f2\" data-element_type=\"widget\" data-e-type=\"widget\" data-widget_type=\"divider.default\">\n\t\t\t\t<div class=\"elementor-widget-container\">\n\t\t\t\t\t\t\t<div class=\"elementor-divider\">\n\t\t\t<span class=\"elementor-divider-separator\">\n\t\t\t\t\t\t<\/span>\n\t\t<\/div>\n\t\t\t\t\t\t<\/div>\n\t\t\t\t<\/div>\n\t\t\t\t<div class=\"elementor-element elementor-element-360166b elementor-position-left elementor-vertical-align-top elementor-widget elementor-widget-image-box\" data-id=\"360166b\" data-element_type=\"widget\" data-e-type=\"widget\" data-widget_type=\"image-box.default\">\n\t\t\t\t<div class=\"elementor-widget-container\">\n\t\t\t\t\t<div class=\"elementor-image-box-wrapper\"><figure class=\"elementor-image-box-img\"><a href=\"http:\/\/es.linkedin.com\/pub\/carlos-montes-martinez\/47\/650\/bb3\" target=\"_blank\" rel=\"nofollow noopener\" tabindex=\"-1\"><img fetchpriority=\"high\" decoding=\"async\" width=\"616\" height=\"616\" src=\"https:\/\/monfiscal.com\/wp-content\/uploads\/2023\/12\/silueta-m-02.jpg\" class=\"attachment-full size-full wp-image-674\" alt=\"\" \/><\/a><\/figure><div class=\"elementor-image-box-content\"><h3 class=\"elementor-image-box-title\"><a href=\"http:\/\/es.linkedin.com\/pub\/carlos-montes-martinez\/47\/650\/bb3\" target=\"_blank\" rel=\"nofollow noopener\">Carlos Montes Mart\u00ednez<\/a><\/h3><p class=\"elementor-image-box-description\">Economista - Auditor\n<br>Assessor Fiscal \u2013 Gestor Administratiu<\/p><\/div><\/div>\t\t\t\t<\/div>\n\t\t\t\t<\/div>\n\t\t\t\t<div class=\"elementor-element elementor-element-be63c56 elementor-position-left elementor-vertical-align-top elementor-widget elementor-widget-image-box\" data-id=\"be63c56\" data-element_type=\"widget\" data-e-type=\"widget\" data-widget_type=\"image-box.default\">\n\t\t\t\t<div class=\"elementor-widget-container\">\n\t\t\t\t\t<div class=\"elementor-image-box-wrapper\"><figure class=\"elementor-image-box-img\"><img decoding=\"async\" width=\"616\" height=\"616\" src=\"https:\/\/monfiscal.com\/wp-content\/uploads\/2023\/12\/silueta-f-01.jpg\" class=\"attachment-full size-full wp-image-671\" alt=\"\" \/><\/figure><div class=\"elementor-image-box-content\"><h3 class=\"elementor-image-box-title\">Elena Jim\u00e9nez Valls<\/h3><p class=\"elementor-image-box-description\">Llicenciada en Dret per la Universitat de Lleida\n<br>M\u00e0ster en Fiscalitat Universitat Pompeu Fabra<\/p><\/div><\/div>\t\t\t\t<\/div>\n\t\t\t\t<\/div>\n\t\t\t\t<div class=\"elementor-element elementor-element-1abae14 elementor-position-left elementor-vertical-align-top elementor-widget elementor-widget-image-box\" data-id=\"1abae14\" data-element_type=\"widget\" data-e-type=\"widget\" data-widget_type=\"image-box.default\">\n\t\t\t\t<div class=\"elementor-widget-container\">\n\t\t\t\t\t<div class=\"elementor-image-box-wrapper\"><figure class=\"elementor-image-box-img\"><img decoding=\"async\" width=\"616\" height=\"616\" src=\"https:\/\/monfiscal.com\/wp-content\/uploads\/2025\/03\/silueta-f-01-1.jpg\" class=\"attachment-full size-full wp-image-1539\" alt=\"\" \/><\/figure><div class=\"elementor-image-box-content\"><h3 class=\"elementor-image-box-title\">Carme Berengu\u00e9 Piqu\u00e9<\/h3><p class=\"elementor-image-box-description\">Administraci\u00f3<\/p><\/div><\/div>\t\t\t\t<\/div>\n\t\t\t\t<\/div>\n\t\t\t\t<div class=\"elementor-element elementor-element-3e921ec elementor-position-left elementor-vertical-align-top elementor-widget elementor-widget-image-box\" data-id=\"3e921ec\" data-element_type=\"widget\" data-e-type=\"widget\" data-widget_type=\"image-box.default\">\n\t\t\t\t<div class=\"elementor-widget-container\">\n\t\t\t\t\t<div class=\"elementor-image-box-wrapper\"><figure class=\"elementor-image-box-img\"><img decoding=\"async\" width=\"616\" height=\"616\" src=\"https:\/\/monfiscal.com\/wp-content\/uploads\/2023\/12\/silueta-f-01.jpg\" class=\"attachment-full size-full wp-image-671\" alt=\"\" \/><\/figure><div class=\"elementor-image-box-content\"><h3 class=\"elementor-image-box-title\">Esther Osset Maci\u00e0<\/h3><p class=\"elementor-image-box-description\">FP II Administratiu<\/p><\/div><\/div>\t\t\t\t<\/div>\n\t\t\t\t<\/div>\n\t\t\t\t<div class=\"elementor-element elementor-element-20ae6c8 elementor-position-left elementor-vertical-align-top elementor-widget elementor-widget-image-box\" data-id=\"20ae6c8\" data-element_type=\"widget\" data-e-type=\"widget\" data-widget_type=\"image-box.default\">\n\t\t\t\t<div class=\"elementor-widget-container\">\n\t\t\t\t\t<div class=\"elementor-image-box-wrapper\"><figure class=\"elementor-image-box-img\"><img loading=\"lazy\" decoding=\"async\" width=\"616\" height=\"616\" src=\"https:\/\/monfiscal.com\/wp-content\/uploads\/2023\/12\/silueta-m-01.jpg\" class=\"attachment-full size-full wp-image-673\" alt=\"\" \/><\/figure><div class=\"elementor-image-box-content\"><h3 class=\"elementor-image-box-title\">Francisco Javier Urcola de Diego<\/h3><p class=\"elementor-image-box-description\">Diplomatura en Ci\u00e8ncies Empresarials<\/p><\/div><\/div>\t\t\t\t<\/div>\n\t\t\t\t<\/div>\n\t\t\t\t<div class=\"elementor-element elementor-element-02fed1b elementor-position-left elementor-vertical-align-top elementor-widget elementor-widget-image-box\" data-id=\"02fed1b\" data-element_type=\"widget\" data-e-type=\"widget\" data-widget_type=\"image-box.default\">\n\t\t\t\t<div class=\"elementor-widget-container\">\n\t\t\t\t\t<div class=\"elementor-image-box-wrapper\"><figure class=\"elementor-image-box-img\"><img decoding=\"async\" width=\"616\" height=\"616\" src=\"https:\/\/monfiscal.com\/wp-content\/uploads\/2025\/03\/silueta-f-01-1.jpg\" class=\"attachment-full size-full wp-image-1539\" alt=\"\" \/><\/figure><div class=\"elementor-image-box-content\"><h3 class=\"elementor-image-box-title\">Esmeralda Canalejo Fernandez<\/h3><p class=\"elementor-image-box-description\">Diplomatura en Ci\u00e8ncies Empresarials<\/p><\/div><\/div>\t\t\t\t<\/div>\n\t\t\t\t<\/div>\n\t\t\t\t<div class=\"elementor-element elementor-element-d145fd5 elementor-position-left elementor-vertical-align-top elementor-widget elementor-widget-image-box\" data-id=\"d145fd5\" data-element_type=\"widget\" data-e-type=\"widget\" data-widget_type=\"image-box.default\">\n\t\t\t\t<div class=\"elementor-widget-container\">\n\t\t\t\t\t<div class=\"elementor-image-box-wrapper\"><figure class=\"elementor-image-box-img\"><img decoding=\"async\" width=\"616\" height=\"616\" src=\"https:\/\/monfiscal.com\/wp-content\/uploads\/2025\/03\/silueta-f-01-1.jpg\" class=\"attachment-full size-full wp-image-1539\" alt=\"\" \/><\/figure><div class=\"elementor-image-box-content\"><h3 class=\"elementor-image-box-title\">Laura Subias Vilar\u00f3<\/h3><p class=\"elementor-image-box-description\">CFGS Administraci\u00f3 i Finances<\/p><\/div><\/div>\t\t\t\t<\/div>\n\t\t\t\t<\/div>\n\t\t\t\t<div class=\"elementor-element elementor-element-a115f2a elementor-position-left elementor-vertical-align-top elementor-widget elementor-widget-image-box\" data-id=\"a115f2a\" data-element_type=\"widget\" data-e-type=\"widget\" data-widget_type=\"image-box.default\">\n\t\t\t\t<div class=\"elementor-widget-container\">\n\t\t\t\t\t<div class=\"elementor-image-box-wrapper\"><figure class=\"elementor-image-box-img\"><img decoding=\"async\" width=\"616\" height=\"616\" src=\"https:\/\/monfiscal.com\/wp-content\/uploads\/2023\/12\/silueta-f-01.jpg\" class=\"attachment-full size-full wp-image-671\" alt=\"\" \/><\/figure><div class=\"elementor-image-box-content\"><h3 class=\"elementor-image-box-title\">Sonia Profit\u00f3s Ruiz<\/h3><p class=\"elementor-image-box-description\">T\u00e8cnica en Gesti\u00f3 Administraci\u00f3<\/p><\/div><\/div>\t\t\t\t<\/div>\n\t\t\t\t<\/div>\n\t\t\t\t<\/div>\n\t\t<div class=\"elementor-element elementor-element-8cb5222 e-con-full e-flex e-con e-child\" data-id=\"8cb5222\" data-element_type=\"container\" data-e-type=\"container\">\n\t\t\t\t<div class=\"elementor-element elementor-element-bbbba4a elementor-widget elementor-widget-heading\" data-id=\"bbbba4a\" data-element_type=\"widget\" data-e-type=\"widget\" data-widget_type=\"heading.default\">\n\t\t\t\t<div class=\"elementor-widget-container\">\n\t\t\t\t\t<h2 class=\"elementor-heading-title elementor-size-default\">Departament <br><strong>Laboral<\/strong><\/h2>\t\t\t\t<\/div>\n\t\t\t\t<\/div>\n\t\t\t\t<div class=\"elementor-element elementor-element-f315238 elementor-widget-divider--view-line elementor-widget elementor-widget-divider\" data-id=\"f315238\" data-element_type=\"widget\" data-e-type=\"widget\" data-widget_type=\"divider.default\">\n\t\t\t\t<div class=\"elementor-widget-container\">\n\t\t\t\t\t\t\t<div class=\"elementor-divider\">\n\t\t\t<span class=\"elementor-divider-separator\">\n\t\t\t\t\t\t<\/span>\n\t\t<\/div>\n\t\t\t\t\t\t<\/div>\n\t\t\t\t<\/div>\n\t\t\t\t<div class=\"elementor-element elementor-element-7083151 elementor-position-left elementor-vertical-align-top elementor-widget elementor-widget-image-box\" data-id=\"7083151\" data-element_type=\"widget\" data-e-type=\"widget\" data-widget_type=\"image-box.default\">\n\t\t\t\t<div class=\"elementor-widget-container\">\n\t\t\t\t\t<div class=\"elementor-image-box-wrapper\"><figure class=\"elementor-image-box-img\"><img decoding=\"async\" width=\"616\" height=\"616\" src=\"https:\/\/monfiscal.com\/wp-content\/uploads\/2023\/12\/silueta-f-01.jpg\" class=\"attachment-full size-full wp-image-671\" alt=\"\" \/><\/figure><div class=\"elementor-image-box-content\"><h3 class=\"elementor-image-box-title\">Cristina Puigvert Vi\u00f1es<\/h3><p class=\"elementor-image-box-description\">Llicenciada en Dret per la Universitat de Lleida<\/p><\/div><\/div>\t\t\t\t<\/div>\n\t\t\t\t<\/div>\n\t\t\t\t<div class=\"elementor-element elementor-element-82a2d3f elementor-position-left elementor-vertical-align-top elementor-widget elementor-widget-image-box\" data-id=\"82a2d3f\" data-element_type=\"widget\" data-e-type=\"widget\" data-widget_type=\"image-box.default\">\n\t\t\t\t<div class=\"elementor-widget-container\">\n\t\t\t\t\t<div class=\"elementor-image-box-wrapper\"><figure class=\"elementor-image-box-img\"><img decoding=\"async\" width=\"616\" height=\"616\" src=\"https:\/\/monfiscal.com\/wp-content\/uploads\/2025\/03\/silueta-f-01-1.jpg\" class=\"attachment-full size-full wp-image-1539\" alt=\"\" \/><\/figure><div class=\"elementor-image-box-content\"><h3 class=\"elementor-image-box-title\">Teresa Pauls Merino<\/h3><p class=\"elementor-image-box-description\">Diplomatura en Graduat Social<\/p><\/div><\/div>\t\t\t\t<\/div>\n\t\t\t\t<\/div>\n\t\t\t\t<div class=\"elementor-element elementor-element-a3bad17 elementor-position-left elementor-vertical-align-top elementor-widget elementor-widget-image-box\" data-id=\"a3bad17\" data-element_type=\"widget\" data-e-type=\"widget\" data-widget_type=\"image-box.default\">\n\t\t\t\t<div class=\"elementor-widget-container\">\n\t\t\t\t\t<div class=\"elementor-image-box-wrapper\"><figure class=\"elementor-image-box-img\"><img decoding=\"async\" width=\"616\" height=\"616\" src=\"https:\/\/monfiscal.com\/wp-content\/uploads\/2023\/12\/silueta-f-01.jpg\" class=\"attachment-full size-full wp-image-671\" alt=\"\" \/><\/figure><div class=\"elementor-image-box-content\"><h3 class=\"elementor-image-box-title\">Sandra Pauls Merino<\/h3><p class=\"elementor-image-box-description\">Graduada en Relacions Laborals i Recursos Humans, M\u00e0ster Universitari en direcci\u00f3 i gesti\u00f3 laboral i M\u00e0ster en Prevenci\u00f3 de Riscos<\/p><\/div><\/div>\t\t\t\t<\/div>\n\t\t\t\t<\/div>\n\t\t\t\t<div class=\"elementor-element elementor-element-4787a8e elementor-position-left elementor-vertical-align-top elementor-widget elementor-widget-image-box\" data-id=\"4787a8e\" data-element_type=\"widget\" data-e-type=\"widget\" data-widget_type=\"image-box.default\">\n\t\t\t\t<div class=\"elementor-widget-container\">\n\t\t\t\t\t<div class=\"elementor-image-box-wrapper\"><figure class=\"elementor-image-box-img\"><img decoding=\"async\" width=\"616\" height=\"616\" src=\"https:\/\/monfiscal.com\/wp-content\/uploads\/2023\/12\/silueta-f-01.jpg\" class=\"attachment-full size-full wp-image-671\" alt=\"\" \/><\/figure><div class=\"elementor-image-box-content\"><h3 class=\"elementor-image-box-title\">Soukaina Moulal Elkhalfaoui<\/h3><p class=\"elementor-image-box-description\">CFGS Administraci\u00f3 i finances<\/p><\/div><\/div>\t\t\t\t<\/div>\n\t\t\t\t<\/div>\n\t\t\t\t<\/div>\n\t\t\t\t\t<\/div>\n\t\t\t\t<\/div>\n\t\t\t\t<\/div>\n\t\t","protected":false},"excerpt":{"rendered":"<p>El nostre equip Lleida Almacelles Departament Fiscal \/ Comptable Carlos Montes Mart\u00ednez Economista &#8211; Auditor Assessor Fiscal \u2013 Gestor Administratiu Elena Jim\u00e9nez Valls Llicenciada en Dret per la Universitat de Lleida M\u00e0ster en Fiscalitat Universitat Pompeu Fabra Carme Berengu\u00e9 Piqu\u00e9 Administraci\u00f3 Esther Osset Maci\u00e0 FP II Administratiu Francisco Javier Urcola de Diego Diplomatura en Ci\u00e8ncies [&hellip;]<\/p>\n","protected":false},"author":2,"featured_media":0,"parent":987,"menu_order":0,"comment_status":"closed","ping_status":"closed","template":"","meta":{"footnotes":""},"class_list":["post-1026","page","type-page","status-publish","hentry"],"_links":{"self":[{"href":"https:\/\/monfiscal.com\/ca\/wp-json\/wp\/v2\/pages\/1026","targetHints":{"allow":["GET"]}}],"collection":[{"href":"https:\/\/monfiscal.com\/ca\/wp-json\/wp\/v2\/pages"}],"about":[{"href":"https:\/\/monfiscal.com\/ca\/wp-json\/wp\/v2\/types\/page"}],"author":[{"embeddable":true,"href":"https:\/\/monfiscal.com\/ca\/wp-json\/wp\/v2\/users\/2"}],"replies":[{"embeddable":true,"href":"https:\/\/monfiscal.com\/ca\/wp-json\/wp\/v2\/comments?post=1026"}],"version-history":[{"count":15,"href":"https:\/\/monfiscal.com\/ca\/wp-json\/wp\/v2\/pages\/1026\/revisions"}],"predecessor-version":[{"id":1632,"href":"https:\/\/monfiscal.com\/ca\/wp-json\/wp\/v2\/pages\/1026\/revisions\/1632"}],"up":[{"embeddable":true,"href":"https:\/\/monfiscal.com\/ca\/wp-json\/wp\/v2\/pages\/987"}],"wp:attachment":[{"href":"https:\/\/monfiscal.com\/ca\/wp-json\/wp\/v2\/media?parent=1026"}],"curies":[{"name":"wp","href":"https:\/\/api.w.org\/{rel}","templated":true}]}}