{"id":1060,"date":"2023-12-07T13:15:09","date_gmt":"2023-12-07T12:15:09","guid":{"rendered":"http:\/\/monfiscal.com\/arees-dactuacio\/ajuntaments\/laboral\/"},"modified":"2024-01-29T13:45:16","modified_gmt":"2024-01-29T12:45:16","slug":"laboral","status":"publish","type":"page","link":"https:\/\/monfiscal.com\/ca\/arees-dactuacio\/ajuntaments\/laboral\/","title":{"rendered":"Laboral"},"content":{"rendered":"\t\t<div data-elementor-type=\"wp-page\" data-elementor-id=\"1060\" class=\"elementor elementor-1060 elementor-78\" data-elementor-post-type=\"page\">\n\t\t\t\t<div class=\"elementor-element elementor-element-5c06a3b e-flex e-con-boxed e-con e-parent\" data-id=\"5c06a3b\" data-element_type=\"container\" data-e-type=\"container\" data-settings=\"{&quot;background_background&quot;:&quot;classic&quot;}\">\n\t\t\t\t\t<div class=\"e-con-inner\">\n\t\t<div class=\"elementor-element elementor-element-225e0ed e-flex e-con-boxed e-con e-child\" data-id=\"225e0ed\" data-element_type=\"container\" data-e-type=\"container\" data-settings=\"{&quot;background_background&quot;:&quot;slideshow&quot;,&quot;background_slideshow_gallery&quot;:[{&quot;id&quot;:601,&quot;url&quot;:&quot;http:\\\/\\\/monfiscal.com\\\/wp-content\\\/uploads\\\/2023\\\/12\\\/detalles-columna-marmol-gris-edificio.jpg&quot;}],&quot;background_slideshow_ken_burns&quot;:&quot;yes&quot;,&quot;background_slideshow_loop&quot;:&quot;yes&quot;,&quot;background_slideshow_slide_duration&quot;:5000,&quot;background_slideshow_slide_transition&quot;:&quot;fade&quot;,&quot;background_slideshow_transition_duration&quot;:500,&quot;background_slideshow_ken_burns_zoom_direction&quot;:&quot;in&quot;}\">\n\t\t\t\t\t<div class=\"e-con-inner\">\n\t\t\t\t<div class=\"elementor-element elementor-element-6b8aac2 elementor-widget elementor-widget-heading\" data-id=\"6b8aac2\" data-element_type=\"widget\" data-e-type=\"widget\" data-widget_type=\"heading.default\">\n\t\t\t\t<div class=\"elementor-widget-container\">\n\t\t\t\t\t<h2 class=\"elementor-heading-title elementor-size-default\">AJUNTAMENTS<\/h2>\t\t\t\t<\/div>\n\t\t\t\t<\/div>\n\t\t\t\t<div class=\"elementor-element elementor-element-7b331e6 elementor-widget elementor-widget-heading\" data-id=\"7b331e6\" data-element_type=\"widget\" data-e-type=\"widget\" data-widget_type=\"heading.default\">\n\t\t\t\t<div class=\"elementor-widget-container\">\n\t\t\t\t\t<h1 class=\"elementor-heading-title elementor-size-default\">Laboral<\/h1>\t\t\t\t<\/div>\n\t\t\t\t<\/div>\n\t\t\t\t\t<\/div>\n\t\t\t\t<\/div>\n\t\t\t\t\t<\/div>\n\t\t\t\t<\/div>\n\t\t<div class=\"elementor-element elementor-element-9be9a7f e-flex e-con-boxed e-con e-parent\" data-id=\"9be9a7f\" data-element_type=\"container\" data-e-type=\"container\">\n\t\t\t\t\t<div class=\"e-con-inner\">\n\t\t<div class=\"elementor-element elementor-element-342ebbd e-con-full e-flex e-con e-child\" data-id=\"342ebbd\" data-element_type=\"container\" data-e-type=\"container\">\n\t\t\t\t<div class=\"elementor-element elementor-element-70158bb elementor-widget elementor-widget-wp-widget-nav_menu\" data-id=\"70158bb\" data-element_type=\"widget\" data-e-type=\"widget\" data-widget_type=\"wp-widget-nav_menu.default\">\n\t\t\t\t<div class=\"elementor-widget-container\">\n\t\t\t\t\t<div class=\"menu-areas-submenus-ca-container\"><ul id=\"menu-areas-submenus-ca\" class=\"menu\"><li id=\"menu-item-1110\" class=\"menu-item menu-item-type-post_type menu-item-object-page menu-item-has-children menu-item-1110\"><a href=\"https:\/\/monfiscal.com\/ca\/arees-dactuacio\/empreses\/\">Empreses<\/a>\n<ul class=\"sub-menu\">\n\t<li id=\"menu-item-1111\" class=\"menu-item menu-item-type-post_type menu-item-object-page menu-item-1111\"><a href=\"https:\/\/monfiscal.com\/ca\/arees-dactuacio\/empreses\/fiscalitat\/\">Fiscalitat<\/a><\/li>\n\t<li id=\"menu-item-1112\" class=\"menu-item menu-item-type-post_type menu-item-object-page menu-item-1112\"><a href=\"https:\/\/monfiscal.com\/ca\/arees-dactuacio\/empreses\/comptabilitat\/\">Comptabilitat<\/a><\/li>\n\t<li id=\"menu-item-1113\" class=\"menu-item menu-item-type-post_type menu-item-object-page menu-item-1113\"><a href=\"https:\/\/monfiscal.com\/ca\/arees-dactuacio\/empreses\/laboral\/\">Laboral<\/a><\/li>\n\t<li id=\"menu-item-1114\" class=\"menu-item menu-item-type-post_type menu-item-object-page menu-item-1114\"><a href=\"https:\/\/monfiscal.com\/ca\/arees-dactuacio\/empreses\/area-financera\/\">\u00c0rea financera<\/a><\/li>\n\t<li id=\"menu-item-1115\" class=\"menu-item menu-item-type-post_type menu-item-object-page menu-item-1115\"><a href=\"https:\/\/monfiscal.com\/ca\/arees-dactuacio\/empreses\/area-juridica\/\">\u00c1rea jur\u00eddica<\/a><\/li>\n\t<li id=\"menu-item-1116\" class=\"menu-item menu-item-type-post_type menu-item-object-page menu-item-1116\"><a href=\"https:\/\/monfiscal.com\/ca\/arees-dactuacio\/empreses\/altres\/\">Altres<\/a><\/li>\n<\/ul>\n<\/li>\n<li id=\"menu-item-1122\" class=\"menu-item menu-item-type-post_type menu-item-object-page menu-item-has-children menu-item-1122\"><a href=\"https:\/\/monfiscal.com\/ca\/arees-dactuacio\/autonoms-i-noves-empreses\/\">Aut\u00f2noms i Noves Empreses<\/a>\n<ul class=\"sub-menu\">\n\t<li id=\"menu-item-1123\" class=\"menu-item menu-item-type-post_type menu-item-object-page menu-item-1123\"><a href=\"https:\/\/monfiscal.com\/ca\/arees-dactuacio\/autonoms-i-noves-empreses\/fiscalitat\/\">Fiscalitat<\/a><\/li>\n\t<li id=\"menu-item-1124\" class=\"menu-item menu-item-type-post_type menu-item-object-page menu-item-1124\"><a href=\"https:\/\/monfiscal.com\/ca\/arees-dactuacio\/autonoms-i-noves-empreses\/comptabilitat\/\">Comptabilitat<\/a><\/li>\n\t<li id=\"menu-item-1125\" class=\"menu-item menu-item-type-post_type menu-item-object-page menu-item-1125\"><a href=\"https:\/\/monfiscal.com\/ca\/arees-dactuacio\/autonoms-i-noves-empreses\/laboral\/\">Laboral<\/a><\/li>\n\t<li id=\"menu-item-1126\" class=\"menu-item menu-item-type-post_type menu-item-object-page menu-item-1126\"><a href=\"https:\/\/monfiscal.com\/ca\/arees-dactuacio\/autonoms-i-noves-empreses\/area-financera\/\">\u00c0rea financera<\/a><\/li>\n\t<li id=\"menu-item-1127\" class=\"menu-item menu-item-type-post_type menu-item-object-page menu-item-1127\"><a href=\"https:\/\/monfiscal.com\/ca\/arees-dactuacio\/autonoms-i-noves-empreses\/area-juridica\/\">\u00c0rea jur\u00eddica<\/a><\/li>\n\t<li id=\"menu-item-1128\" class=\"menu-item menu-item-type-post_type menu-item-object-page menu-item-1128\"><a href=\"https:\/\/monfiscal.com\/ca\/arees-dactuacio\/autonoms-i-noves-empreses\/altres\/\">Altres<\/a><\/li>\n<\/ul>\n<\/li>\n<li id=\"menu-item-1129\" class=\"menu-item menu-item-type-post_type menu-item-object-page menu-item-has-children menu-item-1129\"><a href=\"https:\/\/monfiscal.com\/ca\/arees-dactuacio\/particulars-patrimoni\/\">Particulars \/ Patrimoni<\/a>\n<ul class=\"sub-menu\">\n\t<li id=\"menu-item-1130\" class=\"menu-item menu-item-type-post_type menu-item-object-page menu-item-1130\"><a href=\"https:\/\/monfiscal.com\/ca\/arees-dactuacio\/particulars-patrimoni\/successions-i-donacions\/\">Successions i donacions<\/a><\/li>\n\t<li id=\"menu-item-1131\" class=\"menu-item menu-item-type-post_type menu-item-object-page menu-item-1131\"><a href=\"https:\/\/monfiscal.com\/ca\/arees-dactuacio\/particulars-patrimoni\/rendes-estrangeres\/\">Rendes estrangeres<\/a><\/li>\n\t<li id=\"menu-item-1132\" class=\"menu-item menu-item-type-post_type menu-item-object-page menu-item-1132\"><a href=\"https:\/\/monfiscal.com\/ca\/arees-dactuacio\/particulars-patrimoni\/immobiliaria\/\">Immobili\u00e0ria<\/a><\/li>\n<\/ul>\n<\/li>\n<li id=\"menu-item-1133\" class=\"menu-item menu-item-type-post_type menu-item-object-page menu-item-has-children menu-item-1133\"><a href=\"https:\/\/monfiscal.com\/ca\/arees-dactuacio\/ajuntaments\/\">Ajuntaments<\/a>\n<ul class=\"sub-menu\">\n\t<li id=\"menu-item-1135\" class=\"menu-item menu-item-type-post_type menu-item-object-page menu-item-1135\"><a href=\"https:\/\/monfiscal.com\/ca\/arees-dactuacio\/ajuntaments\/laboral\/\">Laboral<\/a><\/li>\n<\/ul>\n<\/li>\n<\/ul><\/div>\t\t\t\t<\/div>\n\t\t\t\t<\/div>\n\t\t\t\t<\/div>\n\t\t<div class=\"elementor-element elementor-element-cd4adb1 e-con-full e-flex e-con e-child\" data-id=\"cd4adb1\" data-element_type=\"container\" data-e-type=\"container\">\n\t\t\t\t<div class=\"elementor-element elementor-element-a19f903 elementor-widget elementor-widget-text-editor\" data-id=\"a19f903\" data-element_type=\"widget\" data-e-type=\"widget\" data-widget_type=\"text-editor.default\">\n\t\t\t\t<div class=\"elementor-widget-container\">\n\t\t\t\t\t\t\t\t\t<ul><li>C\u00e0lcul de n\u00f2mines i liquidacions salarials tant mensuals com pagues extraordin\u00e0ries<\/li><li>C\u00e0lcul de n\u00f2mines d\u2019endarreriments, rebuts salarials complementaris\u00a0 i la liquidaci\u00f3 corresponent a la seguretat social a trav\u00e9s del Sistema Red.<\/li><li>Presentaci\u00f3 mensual a la Seguretat Social dels Conceptes retributius Abonats als treballadors (CRA). Presentaci\u00f3 tamb\u00e9 del CRA en el sup\u00f2sit d\u2019endarreriments o n\u00f2mines complement\u00e0ries.<\/li><li>Gesti\u00f3 de les diferents variables de n\u00f2mina mensuals, ja sigui hores extres, quilometratge i dietes o altres per al correcte c\u00e0lcul de la n\u00f2mina.<\/li><li>Emissi\u00f3 de llistats del programa de gesti\u00f3: Resum mensual de n\u00f2mines\u00a0 o imputaci\u00f3 de costos, de mitjana de plantilla, hist\u00f2ric de dades dels treballadors i de l\u2019Ajuntament.<\/li><li>C\u00e0lcul i entrega dels sup\u00f2sits salarials previs a la contractaci\u00f3 o nomenament a efectes de con\u00e8ixer\u00a0 els costos salarials i de seguretat social .<\/li><li>Avisos de control de venciments de contractes i d\u2019antiguitat de la persona treballadora i redacci\u00f3 del preav\u00eds de finalitzaci\u00f3 de contracte.<\/li><li>Tramitaci\u00f3 a la Seguretat\u00a0 Social de les altes, baixes i variacions del diferent personal al servei de l\u2019administraci\u00f3 local.<\/li><li>Gesti\u00f3 de baixes de les persones treballadores amb el c\u00e0lcul de la n\u00f2mina, liquidaci\u00f3, certificat d\u2019empresa i carta de rescissi\u00f3 del contracte, si s\u2019escau.<\/li><li>Redacci\u00f3 dels contractes, pr\u00f2rrogues i relacions de treballadors quan no sigui necessari la redacci\u00f3 de contracte,\u00a0 i comunicaci\u00f3 a l\u2019organisme corresponent a trav\u00e9s de l\u2019aplicaci\u00f3 Contrat@.<\/li><li>Redacci\u00f3 del Pacte d\u2019hores complement\u00e0ries, en el cas de contractes a temps parcial.<\/li><li>Redacci\u00f3 de variacions de condicions del contracte, ja sigui horari, jornada, categoria o altres, amb la corresponent comunicaci\u00f3 a la SS i a l\u2019oficina de treball si s\u2019escau.<\/li><li>Introducci\u00f3 de dades, c\u00e0lcul i presentaci\u00f3 a l\u2019AEAT del model 111 trimestral i model 190 de resum anual.<\/li><li>Emissi\u00f3 del certificat individual de retencions del treballadors i de professionals al seu servei que consten en les declaracions trimestrals d\u2019IRPF.<\/li><li>Enviament del model 145 de situaci\u00f3 familiar dels treballadors a l\u2019 inici de cada any o a l\u2019inici de contracte a efectes del correcte c\u00e0lcul de retencions\u00a0 a aplicar a la n\u00f2mina.<\/li><li>Tramitaci\u00f3 del comunicats de baixa, confirmaci\u00f3 i alta d\u2019incapacitat temporal de treballadors, ja sigui per conting\u00e8ncies comunes o conting\u00e8ncies professionals.<\/li><li>Comunicaci\u00f3 al Departament de Treball\u00a0 i de SS dels accidents de treball que es poguessin produir.<\/li><li>Comunicaci\u00f3 al Departament de Treball\u00a0 i de SS dels accidents de treball sense baixa que es poguessin produir.<\/li><li>Emissi\u00f3 de certificats d\u2019empresa ja sigui per a la tramitaci\u00f3 d\u2019atur o tramitaci\u00f3 de pagament directe del treballadors en situaci\u00f3 d\u2019incapacitat temporal o per naixement de fill de la persona treballadora o a la tramitaci\u00f3 del reconeixement d\u2019invalidesa del treballador.<\/li><li>Tramitaci\u00f3 i enviament a l\u2019empresa del quadre horari i calendari laboral .<\/li><li>Atenci\u00f3 dels requeriments d\u2019embargament de sous i salaris de les persones treballadores davant l\u2019organisme emissor.<\/li><li>Tramitaci\u00f3 d\u2019informes i certificats de corrent de pagament amb la Tresoreria General de la Seguretat Social.<\/li><li>Confeccionem Circulars i Flaixos informatius de forma peri\u00f2dica per informar als nostres clients de novetats rellevants<\/li><\/ul>\t\t\t\t\t\t\t\t<\/div>\n\t\t\t\t<\/div>\n\t\t\t\t<\/div>\n\t\t\t\t\t<\/div>\n\t\t\t\t<\/div>\n\t\t\t\t<\/div>\n\t\t","protected":false},"excerpt":{"rendered":"<p>AJUNTAMENTS C\u00e0lcul de n\u00f2mines i liquidacions salarials tant mensuals com pagues extraordin\u00e0ries C\u00e0lcul de n\u00f2mines d\u2019endarreriments, rebuts salarials complementaris\u00a0 i la liquidaci\u00f3 corresponent a la seguretat social a trav\u00e9s del Sistema Red. Presentaci\u00f3 mensual a la Seguretat Social dels Conceptes retributius Abonats als treballadors (CRA). Presentaci\u00f3 tamb\u00e9 del CRA en el sup\u00f2sit d\u2019endarreriments o n\u00f2mines [&hellip;]<\/p>\n","protected":false},"author":2,"featured_media":0,"parent":1021,"menu_order":0,"comment_status":"closed","ping_status":"closed","template":"","meta":{"footnotes":""},"class_list":["post-1060","page","type-page","status-publish","hentry"],"_links":{"self":[{"href":"https:\/\/monfiscal.com\/ca\/wp-json\/wp\/v2\/pages\/1060","targetHints":{"allow":["GET"]}}],"collection":[{"href":"https:\/\/monfiscal.com\/ca\/wp-json\/wp\/v2\/pages"}],"about":[{"href":"https:\/\/monfiscal.com\/ca\/wp-json\/wp\/v2\/types\/page"}],"author":[{"embeddable":true,"href":"https:\/\/monfiscal.com\/ca\/wp-json\/wp\/v2\/users\/2"}],"replies":[{"embeddable":true,"href":"https:\/\/monfiscal.com\/ca\/wp-json\/wp\/v2\/comments?post=1060"}],"version-history":[{"count":9,"href":"https:\/\/monfiscal.com\/ca\/wp-json\/wp\/v2\/pages\/1060\/revisions"}],"predecessor-version":[{"id":1327,"href":"https:\/\/monfiscal.com\/ca\/wp-json\/wp\/v2\/pages\/1060\/revisions\/1327"}],"up":[{"embeddable":true,"href":"https:\/\/monfiscal.com\/ca\/wp-json\/wp\/v2\/pages\/1021"}],"wp:attachment":[{"href":"https:\/\/monfiscal.com\/ca\/wp-json\/wp\/v2\/media?parent=1060"}],"curies":[{"name":"wp","href":"https:\/\/api.w.org\/{rel}","templated":true}]}}