{"id":1071,"date":"2023-12-07T13:13:17","date_gmt":"2023-12-07T12:13:17","guid":{"rendered":"http:\/\/monfiscal.com\/arees-dactuacio\/empreses-de-nova-creacio\/laboral\/"},"modified":"2024-01-29T13:34:28","modified_gmt":"2024-01-29T12:34:28","slug":"laboral","status":"publish","type":"page","link":"https:\/\/monfiscal.com\/ca\/arees-dactuacio\/autonoms-i-noves-empreses\/laboral\/","title":{"rendered":"Laboral"},"content":{"rendered":"\t\t<div data-elementor-type=\"wp-page\" data-elementor-id=\"1071\" class=\"elementor elementor-1071 elementor-62\" data-elementor-post-type=\"page\">\n\t\t\t\t<div class=\"elementor-element elementor-element-0b46fac e-flex e-con-boxed e-con e-parent\" data-id=\"0b46fac\" data-element_type=\"container\" data-e-type=\"container\" data-settings=\"{&quot;background_background&quot;:&quot;classic&quot;}\">\n\t\t\t\t\t<div class=\"e-con-inner\">\n\t\t<div class=\"elementor-element elementor-element-4af1de2 e-flex e-con-boxed e-con e-child\" data-id=\"4af1de2\" data-element_type=\"container\" data-e-type=\"container\" data-settings=\"{&quot;background_background&quot;:&quot;slideshow&quot;,&quot;background_slideshow_gallery&quot;:[{&quot;id&quot;:679,&quot;url&quot;:&quot;http:\\\/\\\/monfiscal.com\\\/wp-content\\\/uploads\\\/2023\\\/12\\\/dos-companeros-trabajo-masculinos-charlando-caminando-edificio.jpg&quot;},{&quot;id&quot;:678,&quot;url&quot;:&quot;http:\\\/\\\/monfiscal.com\\\/wp-content\\\/uploads\\\/2023\\\/12\\\/imagen-doble-exposicion-persona-negocios.jpg&quot;}],&quot;background_slideshow_ken_burns&quot;:&quot;yes&quot;,&quot;background_slideshow_loop&quot;:&quot;yes&quot;,&quot;background_slideshow_slide_duration&quot;:5000,&quot;background_slideshow_slide_transition&quot;:&quot;fade&quot;,&quot;background_slideshow_transition_duration&quot;:500,&quot;background_slideshow_ken_burns_zoom_direction&quot;:&quot;in&quot;}\">\n\t\t\t\t\t<div class=\"e-con-inner\">\n\t\t\t\t<div class=\"elementor-element elementor-element-e1f8d74 elementor-widget elementor-widget-heading\" data-id=\"e1f8d74\" data-element_type=\"widget\" data-e-type=\"widget\" data-widget_type=\"heading.default\">\n\t\t\t\t<div class=\"elementor-widget-container\">\n\t\t\t\t\t<h2 class=\"elementor-heading-title elementor-size-default\">AUT\u00d2NOMS I NOVES EMPRESES<\/h2>\t\t\t\t<\/div>\n\t\t\t\t<\/div>\n\t\t\t\t<div class=\"elementor-element elementor-element-fd23bca elementor-widget elementor-widget-heading\" data-id=\"fd23bca\" data-element_type=\"widget\" data-e-type=\"widget\" data-widget_type=\"heading.default\">\n\t\t\t\t<div class=\"elementor-widget-container\">\n\t\t\t\t\t<h1 class=\"elementor-heading-title elementor-size-default\">Laboral<\/h1>\t\t\t\t<\/div>\n\t\t\t\t<\/div>\n\t\t\t\t\t<\/div>\n\t\t\t\t<\/div>\n\t\t\t\t\t<\/div>\n\t\t\t\t<\/div>\n\t\t<div class=\"elementor-element elementor-element-dcadf63 e-flex e-con-boxed e-con e-parent\" data-id=\"dcadf63\" data-element_type=\"container\" data-e-type=\"container\">\n\t\t\t\t\t<div class=\"e-con-inner\">\n\t\t<div class=\"elementor-element elementor-element-ff0a42d e-con-full e-flex e-con e-child\" data-id=\"ff0a42d\" data-element_type=\"container\" data-e-type=\"container\">\n\t\t\t\t<div class=\"elementor-element elementor-element-37e5be2 elementor-widget elementor-widget-wp-widget-nav_menu\" data-id=\"37e5be2\" data-element_type=\"widget\" data-e-type=\"widget\" data-widget_type=\"wp-widget-nav_menu.default\">\n\t\t\t\t<div class=\"elementor-widget-container\">\n\t\t\t\t\t<div class=\"menu-areas-submenus-ca-container\"><ul id=\"menu-areas-submenus-ca\" class=\"menu\"><li id=\"menu-item-1110\" class=\"menu-item menu-item-type-post_type menu-item-object-page menu-item-has-children menu-item-1110\"><a href=\"https:\/\/monfiscal.com\/ca\/arees-dactuacio\/empreses\/\">Empreses<\/a>\n<ul class=\"sub-menu\">\n\t<li id=\"menu-item-1111\" class=\"menu-item menu-item-type-post_type menu-item-object-page menu-item-1111\"><a href=\"https:\/\/monfiscal.com\/ca\/arees-dactuacio\/empreses\/fiscalitat\/\">Fiscalitat<\/a><\/li>\n\t<li id=\"menu-item-1112\" class=\"menu-item menu-item-type-post_type menu-item-object-page menu-item-1112\"><a href=\"https:\/\/monfiscal.com\/ca\/arees-dactuacio\/empreses\/comptabilitat\/\">Comptabilitat<\/a><\/li>\n\t<li id=\"menu-item-1113\" class=\"menu-item menu-item-type-post_type menu-item-object-page menu-item-1113\"><a href=\"https:\/\/monfiscal.com\/ca\/arees-dactuacio\/empreses\/laboral\/\">Laboral<\/a><\/li>\n\t<li id=\"menu-item-1114\" class=\"menu-item menu-item-type-post_type menu-item-object-page menu-item-1114\"><a href=\"https:\/\/monfiscal.com\/ca\/arees-dactuacio\/empreses\/area-financera\/\">\u00c0rea financera<\/a><\/li>\n\t<li id=\"menu-item-1115\" class=\"menu-item menu-item-type-post_type menu-item-object-page menu-item-1115\"><a href=\"https:\/\/monfiscal.com\/ca\/arees-dactuacio\/empreses\/area-juridica\/\">\u00c1rea jur\u00eddica<\/a><\/li>\n\t<li id=\"menu-item-1116\" class=\"menu-item menu-item-type-post_type menu-item-object-page menu-item-1116\"><a href=\"https:\/\/monfiscal.com\/ca\/arees-dactuacio\/empreses\/altres\/\">Altres<\/a><\/li>\n<\/ul>\n<\/li>\n<li id=\"menu-item-1122\" class=\"menu-item menu-item-type-post_type menu-item-object-page menu-item-has-children menu-item-1122\"><a href=\"https:\/\/monfiscal.com\/ca\/arees-dactuacio\/autonoms-i-noves-empreses\/\">Aut\u00f2noms i Noves Empreses<\/a>\n<ul class=\"sub-menu\">\n\t<li id=\"menu-item-1123\" class=\"menu-item menu-item-type-post_type menu-item-object-page menu-item-1123\"><a href=\"https:\/\/monfiscal.com\/ca\/arees-dactuacio\/autonoms-i-noves-empreses\/fiscalitat\/\">Fiscalitat<\/a><\/li>\n\t<li id=\"menu-item-1124\" class=\"menu-item menu-item-type-post_type menu-item-object-page menu-item-1124\"><a href=\"https:\/\/monfiscal.com\/ca\/arees-dactuacio\/autonoms-i-noves-empreses\/comptabilitat\/\">Comptabilitat<\/a><\/li>\n\t<li id=\"menu-item-1125\" class=\"menu-item menu-item-type-post_type menu-item-object-page menu-item-1125\"><a href=\"https:\/\/monfiscal.com\/ca\/arees-dactuacio\/autonoms-i-noves-empreses\/laboral\/\">Laboral<\/a><\/li>\n\t<li id=\"menu-item-1126\" class=\"menu-item menu-item-type-post_type menu-item-object-page menu-item-1126\"><a href=\"https:\/\/monfiscal.com\/ca\/arees-dactuacio\/autonoms-i-noves-empreses\/area-financera\/\">\u00c0rea financera<\/a><\/li>\n\t<li id=\"menu-item-1127\" class=\"menu-item menu-item-type-post_type menu-item-object-page menu-item-1127\"><a href=\"https:\/\/monfiscal.com\/ca\/arees-dactuacio\/autonoms-i-noves-empreses\/area-juridica\/\">\u00c0rea jur\u00eddica<\/a><\/li>\n\t<li id=\"menu-item-1128\" class=\"menu-item menu-item-type-post_type menu-item-object-page menu-item-1128\"><a href=\"https:\/\/monfiscal.com\/ca\/arees-dactuacio\/autonoms-i-noves-empreses\/altres\/\">Altres<\/a><\/li>\n<\/ul>\n<\/li>\n<li id=\"menu-item-1129\" class=\"menu-item menu-item-type-post_type menu-item-object-page menu-item-has-children menu-item-1129\"><a href=\"https:\/\/monfiscal.com\/ca\/arees-dactuacio\/particulars-patrimoni\/\">Particulars \/ Patrimoni<\/a>\n<ul class=\"sub-menu\">\n\t<li id=\"menu-item-1130\" class=\"menu-item menu-item-type-post_type menu-item-object-page menu-item-1130\"><a href=\"https:\/\/monfiscal.com\/ca\/arees-dactuacio\/particulars-patrimoni\/successions-i-donacions\/\">Successions i donacions<\/a><\/li>\n\t<li id=\"menu-item-1131\" class=\"menu-item menu-item-type-post_type menu-item-object-page menu-item-1131\"><a href=\"https:\/\/monfiscal.com\/ca\/arees-dactuacio\/particulars-patrimoni\/rendes-estrangeres\/\">Rendes estrangeres<\/a><\/li>\n\t<li id=\"menu-item-1132\" class=\"menu-item menu-item-type-post_type menu-item-object-page menu-item-1132\"><a href=\"https:\/\/monfiscal.com\/ca\/arees-dactuacio\/particulars-patrimoni\/immobiliaria\/\">Immobili\u00e0ria<\/a><\/li>\n<\/ul>\n<\/li>\n<li id=\"menu-item-1133\" class=\"menu-item menu-item-type-post_type menu-item-object-page menu-item-has-children menu-item-1133\"><a href=\"https:\/\/monfiscal.com\/ca\/arees-dactuacio\/ajuntaments\/\">Ajuntaments<\/a>\n<ul class=\"sub-menu\">\n\t<li id=\"menu-item-1135\" class=\"menu-item menu-item-type-post_type menu-item-object-page menu-item-1135\"><a href=\"https:\/\/monfiscal.com\/ca\/arees-dactuacio\/ajuntaments\/laboral\/\">Laboral<\/a><\/li>\n<\/ul>\n<\/li>\n<\/ul><\/div>\t\t\t\t<\/div>\n\t\t\t\t<\/div>\n\t\t\t\t<\/div>\n\t\t<div class=\"elementor-element elementor-element-aa4e6cc e-con-full e-flex e-con e-child\" data-id=\"aa4e6cc\" data-element_type=\"container\" data-e-type=\"container\">\n\t\t\t\t<div class=\"elementor-element elementor-element-be0afa4 elementor-widget elementor-widget-text-editor\" data-id=\"be0afa4\" data-element_type=\"widget\" data-e-type=\"widget\" data-widget_type=\"text-editor.default\">\n\t\t\t\t<div class=\"elementor-widget-container\">\n\t\t\t\t\t\t\t\t\t<ul><li>Assessorament laboral a empreses.<\/li><li>Alta empresa i obertura centre de treball.<\/li><li>Afiliacions, altes, baixes, de treballadors a la Seguretat Social.<\/li><li>Estudi, redacci\u00f3 i tramitaci\u00f3 de contractes.<\/li><li>Rebuts de salaris (n\u00f2mines).<\/li><li>Liquidacions Seguretat Social (TC).<\/li><li>Sancions i acomiadaments.<\/li><li>Escrits d&#8217;al\u00b7legacions i de recursos.<\/li><li>Estudis costos salarials de n\u00f2mina.<\/li><li>Model 111 i model 190.<\/li><li>Certificats retribucions anuals.<\/li><li>Confecci\u00f3 del calendari laboral.<\/li><li>Certificats dempresa.<\/li><li>Certificat de corrent de pagament.<\/li><li>Assist\u00e8ncia i representaci\u00f3 davant del Departament de Treball.<\/li><li>Assist\u00e8ncia i representaci\u00f3 davant de la Inspecci\u00f3 de Treball.<\/li><li>Tramitacions altes\/baixes incapacitat temporal.<\/li><li>Estudis de jubilaci\u00f3.<\/li><li>Tramitaci\u00f3 expedients INSS (maternitat, jubilaci\u00f3, incapacitat).<\/li><\/ul>\t\t\t\t\t\t\t\t<\/div>\n\t\t\t\t<\/div>\n\t\t\t\t<\/div>\n\t\t\t\t\t<\/div>\n\t\t\t\t<\/div>\n\t\t\t\t<\/div>\n\t\t","protected":false},"excerpt":{"rendered":"<p>AUT\u00d2NOMS I NOVES EMPRESES Assessorament laboral a empreses. Alta empresa i obertura centre de treball. Afiliacions, altes, baixes, de treballadors a la Seguretat Social. Estudi, redacci\u00f3 i tramitaci\u00f3 de contractes. Rebuts de salaris (n\u00f2mines). Liquidacions Seguretat Social (TC). Sancions i acomiadaments. Escrits d&#8217;al\u00b7legacions i de recursos. Estudis costos salarials de n\u00f2mina. Model 111 i model [&hellip;]<\/p>\n","protected":false},"author":2,"featured_media":0,"parent":1023,"menu_order":0,"comment_status":"closed","ping_status":"closed","template":"","meta":{"footnotes":""},"class_list":["post-1071","page","type-page","status-publish","hentry"],"_links":{"self":[{"href":"https:\/\/monfiscal.com\/ca\/wp-json\/wp\/v2\/pages\/1071","targetHints":{"allow":["GET"]}}],"collection":[{"href":"https:\/\/monfiscal.com\/ca\/wp-json\/wp\/v2\/pages"}],"about":[{"href":"https:\/\/monfiscal.com\/ca\/wp-json\/wp\/v2\/types\/page"}],"author":[{"embeddable":true,"href":"https:\/\/monfiscal.com\/ca\/wp-json\/wp\/v2\/users\/2"}],"replies":[{"embeddable":true,"href":"https:\/\/monfiscal.com\/ca\/wp-json\/wp\/v2\/comments?post=1071"}],"version-history":[{"count":6,"href":"https:\/\/monfiscal.com\/ca\/wp-json\/wp\/v2\/pages\/1071\/revisions"}],"predecessor-version":[{"id":1303,"href":"https:\/\/monfiscal.com\/ca\/wp-json\/wp\/v2\/pages\/1071\/revisions\/1303"}],"up":[{"embeddable":true,"href":"https:\/\/monfiscal.com\/ca\/wp-json\/wp\/v2\/pages\/1023"}],"wp:attachment":[{"href":"https:\/\/monfiscal.com\/ca\/wp-json\/wp\/v2\/media?parent=1071"}],"curies":[{"name":"wp","href":"https:\/\/api.w.org\/{rel}","templated":true}]}}