{"id":1075,"date":"2023-12-07T13:14:18","date_gmt":"2023-12-07T12:14:18","guid":{"rendered":"http:\/\/monfiscal.com\/arees-dactuacio\/particulars-patrimoni\/sucesiones-y-donaciones\/"},"modified":"2024-01-23T22:42:22","modified_gmt":"2024-01-23T21:42:22","slug":"successions-i-donacions","status":"publish","type":"page","link":"https:\/\/monfiscal.com\/ca\/arees-dactuacio\/particulars-patrimoni\/successions-i-donacions\/","title":{"rendered":"Successions i donacions"},"content":{"rendered":"\t\t<div data-elementor-type=\"wp-page\" data-elementor-id=\"1075\" class=\"elementor elementor-1075 elementor-70\" data-elementor-post-type=\"page\">\n\t\t\t\t<div class=\"elementor-element elementor-element-81dd443 e-flex e-con-boxed e-con e-parent\" data-id=\"81dd443\" data-element_type=\"container\" data-e-type=\"container\" data-settings=\"{&quot;background_background&quot;:&quot;classic&quot;}\">\n\t\t\t\t\t<div class=\"e-con-inner\">\n\t\t<div class=\"elementor-element elementor-element-95cb68b e-flex e-con-boxed e-con e-child\" data-id=\"95cb68b\" data-element_type=\"container\" data-e-type=\"container\" data-settings=\"{&quot;background_background&quot;:&quot;slideshow&quot;,&quot;background_slideshow_gallery&quot;:[{&quot;id&quot;:591,&quot;url&quot;:&quot;http:\\\/\\\/monfiscal.com\\\/wp-content\\\/uploads\\\/2023\\\/12\\\/familia-feliz-paseo-verano.jpg&quot;}],&quot;background_slideshow_ken_burns&quot;:&quot;yes&quot;,&quot;background_slideshow_loop&quot;:&quot;yes&quot;,&quot;background_slideshow_slide_duration&quot;:5000,&quot;background_slideshow_slide_transition&quot;:&quot;fade&quot;,&quot;background_slideshow_transition_duration&quot;:500,&quot;background_slideshow_ken_burns_zoom_direction&quot;:&quot;in&quot;}\">\n\t\t\t\t\t<div class=\"e-con-inner\">\n\t\t\t\t<div class=\"elementor-element elementor-element-985daf1 elementor-widget elementor-widget-heading\" data-id=\"985daf1\" data-element_type=\"widget\" data-e-type=\"widget\" data-widget_type=\"heading.default\">\n\t\t\t\t<div class=\"elementor-widget-container\">\n\t\t\t\t\t<h2 class=\"elementor-heading-title elementor-size-default\">PARTICULARS \/ PATRIMONI<\/h2>\t\t\t\t<\/div>\n\t\t\t\t<\/div>\n\t\t\t\t<div class=\"elementor-element elementor-element-bc4e376 elementor-widget elementor-widget-heading\" data-id=\"bc4e376\" data-element_type=\"widget\" data-e-type=\"widget\" data-widget_type=\"heading.default\">\n\t\t\t\t<div class=\"elementor-widget-container\">\n\t\t\t\t\t<h1 class=\"elementor-heading-title elementor-size-default\">Successions i donacions<\/h1>\t\t\t\t<\/div>\n\t\t\t\t<\/div>\n\t\t\t\t\t<\/div>\n\t\t\t\t<\/div>\n\t\t\t\t\t<\/div>\n\t\t\t\t<\/div>\n\t\t<div class=\"elementor-element elementor-element-e2f4fc4 e-flex e-con-boxed e-con e-parent\" data-id=\"e2f4fc4\" data-element_type=\"container\" data-e-type=\"container\">\n\t\t\t\t\t<div class=\"e-con-inner\">\n\t\t<div class=\"elementor-element elementor-element-cab08ae e-con-full e-flex e-con e-child\" data-id=\"cab08ae\" data-element_type=\"container\" data-e-type=\"container\">\n\t\t\t\t<div class=\"elementor-element elementor-element-38d0022 elementor-widget elementor-widget-wp-widget-nav_menu\" data-id=\"38d0022\" data-element_type=\"widget\" data-e-type=\"widget\" data-widget_type=\"wp-widget-nav_menu.default\">\n\t\t\t\t<div class=\"elementor-widget-container\">\n\t\t\t\t\t<div class=\"menu-areas-submenus-ca-container\"><ul id=\"menu-areas-submenus-ca\" class=\"menu\"><li id=\"menu-item-1110\" class=\"menu-item menu-item-type-post_type menu-item-object-page menu-item-has-children menu-item-1110\"><a href=\"https:\/\/monfiscal.com\/ca\/arees-dactuacio\/empreses\/\">Empreses<\/a>\n<ul class=\"sub-menu\">\n\t<li id=\"menu-item-1111\" class=\"menu-item menu-item-type-post_type menu-item-object-page menu-item-1111\"><a href=\"https:\/\/monfiscal.com\/ca\/arees-dactuacio\/empreses\/fiscalitat\/\">Fiscalitat<\/a><\/li>\n\t<li id=\"menu-item-1112\" class=\"menu-item menu-item-type-post_type menu-item-object-page menu-item-1112\"><a href=\"https:\/\/monfiscal.com\/ca\/arees-dactuacio\/empreses\/comptabilitat\/\">Comptabilitat<\/a><\/li>\n\t<li id=\"menu-item-1113\" class=\"menu-item menu-item-type-post_type menu-item-object-page menu-item-1113\"><a href=\"https:\/\/monfiscal.com\/ca\/arees-dactuacio\/empreses\/laboral\/\">Laboral<\/a><\/li>\n\t<li id=\"menu-item-1114\" class=\"menu-item menu-item-type-post_type menu-item-object-page menu-item-1114\"><a href=\"https:\/\/monfiscal.com\/ca\/arees-dactuacio\/empreses\/area-financera\/\">\u00c0rea financera<\/a><\/li>\n\t<li id=\"menu-item-1115\" class=\"menu-item menu-item-type-post_type menu-item-object-page menu-item-1115\"><a href=\"https:\/\/monfiscal.com\/ca\/arees-dactuacio\/empreses\/area-juridica\/\">\u00c1rea jur\u00eddica<\/a><\/li>\n\t<li id=\"menu-item-1116\" class=\"menu-item menu-item-type-post_type menu-item-object-page menu-item-1116\"><a href=\"https:\/\/monfiscal.com\/ca\/arees-dactuacio\/empreses\/altres\/\">Altres<\/a><\/li>\n<\/ul>\n<\/li>\n<li id=\"menu-item-1122\" class=\"menu-item menu-item-type-post_type menu-item-object-page menu-item-has-children menu-item-1122\"><a href=\"https:\/\/monfiscal.com\/ca\/arees-dactuacio\/autonoms-i-noves-empreses\/\">Aut\u00f2noms i Noves Empreses<\/a>\n<ul class=\"sub-menu\">\n\t<li id=\"menu-item-1123\" class=\"menu-item menu-item-type-post_type menu-item-object-page menu-item-1123\"><a href=\"https:\/\/monfiscal.com\/ca\/arees-dactuacio\/autonoms-i-noves-empreses\/fiscalitat\/\">Fiscalitat<\/a><\/li>\n\t<li id=\"menu-item-1124\" class=\"menu-item menu-item-type-post_type menu-item-object-page menu-item-1124\"><a href=\"https:\/\/monfiscal.com\/ca\/arees-dactuacio\/autonoms-i-noves-empreses\/comptabilitat\/\">Comptabilitat<\/a><\/li>\n\t<li id=\"menu-item-1125\" class=\"menu-item menu-item-type-post_type menu-item-object-page menu-item-1125\"><a href=\"https:\/\/monfiscal.com\/ca\/arees-dactuacio\/autonoms-i-noves-empreses\/laboral\/\">Laboral<\/a><\/li>\n\t<li id=\"menu-item-1126\" class=\"menu-item menu-item-type-post_type menu-item-object-page menu-item-1126\"><a href=\"https:\/\/monfiscal.com\/ca\/arees-dactuacio\/autonoms-i-noves-empreses\/area-financera\/\">\u00c0rea financera<\/a><\/li>\n\t<li id=\"menu-item-1127\" class=\"menu-item menu-item-type-post_type menu-item-object-page menu-item-1127\"><a href=\"https:\/\/monfiscal.com\/ca\/arees-dactuacio\/autonoms-i-noves-empreses\/area-juridica\/\">\u00c0rea jur\u00eddica<\/a><\/li>\n\t<li id=\"menu-item-1128\" class=\"menu-item menu-item-type-post_type menu-item-object-page menu-item-1128\"><a href=\"https:\/\/monfiscal.com\/ca\/arees-dactuacio\/autonoms-i-noves-empreses\/altres\/\">Altres<\/a><\/li>\n<\/ul>\n<\/li>\n<li id=\"menu-item-1129\" class=\"menu-item menu-item-type-post_type menu-item-object-page menu-item-has-children menu-item-1129\"><a href=\"https:\/\/monfiscal.com\/ca\/arees-dactuacio\/particulars-patrimoni\/\">Particulars \/ Patrimoni<\/a>\n<ul class=\"sub-menu\">\n\t<li id=\"menu-item-1130\" class=\"menu-item menu-item-type-post_type menu-item-object-page menu-item-1130\"><a href=\"https:\/\/monfiscal.com\/ca\/arees-dactuacio\/particulars-patrimoni\/successions-i-donacions\/\">Successions i donacions<\/a><\/li>\n\t<li id=\"menu-item-1131\" class=\"menu-item menu-item-type-post_type menu-item-object-page menu-item-1131\"><a href=\"https:\/\/monfiscal.com\/ca\/arees-dactuacio\/particulars-patrimoni\/rendes-estrangeres\/\">Rendes estrangeres<\/a><\/li>\n\t<li id=\"menu-item-1132\" class=\"menu-item menu-item-type-post_type menu-item-object-page menu-item-1132\"><a href=\"https:\/\/monfiscal.com\/ca\/arees-dactuacio\/particulars-patrimoni\/immobiliaria\/\">Immobili\u00e0ria<\/a><\/li>\n<\/ul>\n<\/li>\n<li id=\"menu-item-1133\" class=\"menu-item menu-item-type-post_type menu-item-object-page menu-item-has-children menu-item-1133\"><a href=\"https:\/\/monfiscal.com\/ca\/arees-dactuacio\/ajuntaments\/\">Ajuntaments<\/a>\n<ul class=\"sub-menu\">\n\t<li id=\"menu-item-1135\" class=\"menu-item menu-item-type-post_type menu-item-object-page menu-item-1135\"><a href=\"https:\/\/monfiscal.com\/ca\/arees-dactuacio\/ajuntaments\/laboral\/\">Laboral<\/a><\/li>\n<\/ul>\n<\/li>\n<\/ul><\/div>\t\t\t\t<\/div>\n\t\t\t\t<\/div>\n\t\t\t\t<\/div>\n\t\t<div class=\"elementor-element elementor-element-65abdd2 e-con-full e-flex e-con e-child\" data-id=\"65abdd2\" data-element_type=\"container\" data-e-type=\"container\">\n\t\t\t\t<div class=\"elementor-element elementor-element-3c89acc elementor-widget elementor-widget-text-editor\" data-id=\"3c89acc\" data-element_type=\"widget\" data-e-type=\"widget\" data-widget_type=\"text-editor.default\">\n\t\t\t\t<div class=\"elementor-widget-container\">\n\t\t\t\t\t\t\t\t\t<ul><li>Planificaci\u00f3 successions i donacions.<\/li><li>Tramitaci\u00f3 darreres voluntats.<\/li><li>Preparaci\u00f3 i gesti\u00f3 escriptures.<\/li><li>Liquidaci\u00f3 impostos.<\/li><li>Presentaci\u00f3 Registre de la Propietat i Registre Mercantil.<\/li><\/ul>\t\t\t\t\t\t\t\t<\/div>\n\t\t\t\t<\/div>\n\t\t\t\t<\/div>\n\t\t\t\t\t<\/div>\n\t\t\t\t<\/div>\n\t\t\t\t<\/div>\n\t\t","protected":false},"excerpt":{"rendered":"<p>PARTICULARS \/ PATRIMONI Planificaci\u00f3 successions i donacions. Tramitaci\u00f3 darreres voluntats. Preparaci\u00f3 i gesti\u00f3 escriptures. Liquidaci\u00f3 impostos. Presentaci\u00f3 Registre de la Propietat i Registre Mercantil.<\/p>\n","protected":false},"author":2,"featured_media":0,"parent":1024,"menu_order":0,"comment_status":"closed","ping_status":"closed","template":"","meta":{"footnotes":""},"class_list":["post-1075","page","type-page","status-publish","hentry"],"_links":{"self":[{"href":"https:\/\/monfiscal.com\/ca\/wp-json\/wp\/v2\/pages\/1075","targetHints":{"allow":["GET"]}}],"collection":[{"href":"https:\/\/monfiscal.com\/ca\/wp-json\/wp\/v2\/pages"}],"about":[{"href":"https:\/\/monfiscal.com\/ca\/wp-json\/wp\/v2\/types\/page"}],"author":[{"embeddable":true,"href":"https:\/\/monfiscal.com\/ca\/wp-json\/wp\/v2\/users\/2"}],"replies":[{"embeddable":true,"href":"https:\/\/monfiscal.com\/ca\/wp-json\/wp\/v2\/comments?post=1075"}],"version-history":[{"count":4,"href":"https:\/\/monfiscal.com\/ca\/wp-json\/wp\/v2\/pages\/1075\/revisions"}],"predecessor-version":[{"id":1158,"href":"https:\/\/monfiscal.com\/ca\/wp-json\/wp\/v2\/pages\/1075\/revisions\/1158"}],"up":[{"embeddable":true,"href":"https:\/\/monfiscal.com\/ca\/wp-json\/wp\/v2\/pages\/1024"}],"wp:attachment":[{"href":"https:\/\/monfiscal.com\/ca\/wp-json\/wp\/v2\/media?parent=1075"}],"curies":[{"name":"wp","href":"https:\/\/api.w.org\/{rel}","templated":true}]}}