{"id":983,"date":"2023-12-07T13:06:30","date_gmt":"2023-12-07T12:06:30","guid":{"rendered":"http:\/\/monfiscal.com\/aviso-legal\/"},"modified":"2024-01-23T22:24:27","modified_gmt":"2024-01-23T21:24:27","slug":"avis-legal","status":"publish","type":"page","link":"https:\/\/monfiscal.com\/ca\/avis-legal\/","title":{"rendered":"Av\u00eds Legal"},"content":{"rendered":"\t\t<div data-elementor-type=\"wp-page\" data-elementor-id=\"983\" class=\"elementor elementor-983 elementor-12\" data-elementor-post-type=\"page\">\n\t\t\t\t<div class=\"elementor-element elementor-element-b4088b8 e-flex e-con-boxed e-con e-parent\" data-id=\"b4088b8\" data-element_type=\"container\" data-e-type=\"container\">\n\t\t\t\t\t<div class=\"e-con-inner\">\n\t\t<div class=\"elementor-element elementor-element-a03c04c e-con-full e-flex e-con e-child\" data-id=\"a03c04c\" data-element_type=\"container\" data-e-type=\"container\">\n\t\t\t\t<div class=\"elementor-element elementor-element-bffc2b5 elementor-widget elementor-widget-heading\" data-id=\"bffc2b5\" data-element_type=\"widget\" data-e-type=\"widget\" data-widget_type=\"heading.default\">\n\t\t\t\t<div class=\"elementor-widget-container\">\n\t\t\t\t\t<h2 class=\"elementor-heading-title elementor-size-default\">Av\u00eds Legal<\/h2>\t\t\t\t<\/div>\n\t\t\t\t<\/div>\n\t\t\t\t<div class=\"elementor-element elementor-element-060eb83 elementor-widget-divider--view-line elementor-widget elementor-widget-divider\" data-id=\"060eb83\" data-element_type=\"widget\" data-e-type=\"widget\" data-widget_type=\"divider.default\">\n\t\t\t\t<div class=\"elementor-widget-container\">\n\t\t\t\t\t\t\t<div class=\"elementor-divider\">\n\t\t\t<span class=\"elementor-divider-separator\">\n\t\t\t\t\t\t<\/span>\n\t\t<\/div>\n\t\t\t\t\t\t<\/div>\n\t\t\t\t<\/div>\n\t\t\t\t<div class=\"elementor-element elementor-element-4a2b49e elementor-widget elementor-widget-text-editor\" data-id=\"4a2b49e\" data-element_type=\"widget\" data-e-type=\"widget\" data-widget_type=\"text-editor.default\">\n\t\t\t\t<div class=\"elementor-widget-container\">\n\t\t\t\t\t\t\t\t\t<h2>Av\u00eds Legal i Pol\u00edtica de Privadesa<\/h2><h4>RESPONSABLE DEL TRACTAMENT DE LES DADES<\/h4><p>Aquest av\u00eds i la informaci\u00f3 legal regula l&#8217;\u00fas del servei del portal d&#8217;Internet sota el domini: http:\/\/monfiscal.com<\/p><p>En compliment del deure informaci\u00f3 que estableix la Llei La 34\/2002, d&#8217;11 de juliol, de Serveis de la Societat de la Informaci\u00f3 i del Comer\u00e7 Electr\u00f2nic, us comuniquem que aquesta web \u00e9s titularitat de:<\/p><p><strong>Ra\u00f3 Social<\/strong>: MONFISCAL, S.L.P.<br \/><strong>Domicili social<\/strong>: C. ACAD\u00c8MIA, 14 1r \u2013 25002 LLEIDA<br \/><strong>C.I.F<\/strong> N\u00ba: B25373671<br \/><strong>Dades registrals<\/strong>: Registre Mercantil de la prov\u00edncia de Lleida, Tom 428, Foli 203, Full L-8002, Inscripci\u00f3 1a, Data Lleida a 29 Juliol de 1996.<br \/><strong>Tel\u00e8fon<\/strong>: +34 973 280 352<br \/><strong>Correu electr\u00f2nic<\/strong>: monfiscal@monfiscal.com<\/p><h2>OBJECTE<\/h2><p>El Responsable posa a disposici\u00f3 dels usuaris aquest document amb qu\u00e8 pret\u00e9n donar compliment del que disposa la normativa vigent en mat\u00e8ria de Protecci\u00f3 de Dades, i en el context del nou marc normatiu establert en virtut del que disposa el Reglament (UE ) 2016\/679 del Parlament Europeu i del Consell, de 27 d&#8217;abril de 2016, relatiu a la protecci\u00f3 de les persones f\u00edsiques pel que fa al tractament de dades personals ia la lliure circulaci\u00f3 d&#8217;aquestes dades (d&#8217;ara endavant, el \u201cRGPD\u201d ), i la normativa nacional Llei Org\u00e0nica 3\/2018, de 5 de desembre, de Protecci\u00f3 de Dades Personals i Garantia dels Drets Digitals (d&#8217;ara endavant, el \u201cLOPDGDD\u201d), aix\u00ed com informar a tots els usuaris del lloc web respecte a quines en s\u00f3n les condicions d&#8217;\u00fas.<\/p><p>Tota persona que accedeixi a aquest lloc web assumeix el paper d&#8217;usuari, comprometent-se a l&#8217;observan\u00e7a i el compliment rigor\u00f3s de les disposicions aqu\u00ed disposades, aix\u00ed com a qualsevol altra disposici\u00f3 legal que sigui aplicable.<\/p><p>El Responsable es reserva el dret a modificar qualsevol tipus d&#8217;informaci\u00f3 que pogu\u00e9s apar\u00e8ixer al lloc web, sense que hi hagi obligaci\u00f3 de preavisar o posar en coneixement dels usuaris aquestes obligacions, entenent-se com a suficient amb la publicaci\u00f3 al lloc web del Responsable.<\/p><h2>RESPONSABILITAT<\/h2><p>El Responsable s&#8217;eximeix de qualsevol tipus de responsabilitat derivada de la informaci\u00f3 publicada al vostre lloc web, sempre que aquesta informaci\u00f3 hagi estat manipulada o introdu\u00efda per un tercer ali\u00e8 al mateix.<\/p><h2>ADRECES IP<\/h2><p>Els servidors del lloc web podran detectar autom\u00e0ticament l&#8217;adre\u00e7a IP i el nom de domini utilitzats per l&#8217;usuari.<\/p><p>Una adre\u00e7a IP \u00e9s un n\u00famero assignat autom\u00e0ticament a un ordinador quan aquest es connecta a Internet. Tota aquesta informaci\u00f3 \u00e9s registrada en un fitxer d&#8217;activitat del servidor, degudament inscrit, que permet el processament posterior de les dades per tal d&#8217;obtenir mesures \u00fanicament estad\u00edstiques que permetin con\u00e8ixer el nombre d&#8217;impressions de p\u00e0gines, el nombre de visites realitzades als servidors web, ordre de visites, punt d&#8217;acc\u00e9s, etc.<\/p><h2>POL\u00cdTICA D&#8217;ENLLA\u00c7OS<\/h2><p>Des del present lloc web \u00e9s possible que es redirigeixi a continguts de tercers llocs web. At\u00e8s que El Responsable no pot controlar sempre els continguts introdu\u00efts pels tercers als seus llocs web, aquest no assumeix cap mena de responsabilitat respecte a aquests continguts. En tot cas, El Responsable manifesta que procedir\u00e0 a la retirada immediata de qualsevol contingut que pogu\u00e9s contravenir la legislaci\u00f3 nacional o internacional, la moral o l&#8217;ordre p\u00fablic, procedint a la retirada immediata de la redirecci\u00f3 a aquest lloc web, posant en coneixement de les autoritats competents el contingut en q\u00fcesti\u00f3.<\/p><p>El Responsable no es fa responsable de la informaci\u00f3 i continguts emmagatzemats, a t\u00edtol enunciatiu per\u00f2 no limitatiu, en f\u00f2rums, xats, generadors de blocs, comentaris, xarxes socials o qualsevol altre mitj\u00e0 que permeti a tercers publicar continguts de forma independent a la p\u00e0gina web del Responsable. No obstant aix\u00f2 i en compliment del que disposa l&#8217;art. 11 i 16 de la LSSICE, El Responsable es posa a disposici\u00f3 de tots els usuaris, autoritats i forces de seguretat, col\u00b7laborant de forma activa en la retirada o si \u00e9s el cas bloqueig de tots aquells continguts que poguessin afectar o contravenir la legislaci\u00f3 nacional, o internacional, drets de tercers o moral i ordre p\u00fablic. En cas que l&#8217;usuari consideri que hi ha al lloc web algun contingut que pogu\u00e9s ser susceptible d&#8217;aquesta classificaci\u00f3, es prega que ho notifiqui de manera immediata a l&#8217;administrador del lloc web.<\/p><p>Aquest lloc web ha estat revisat i provat perqu\u00e8 funcioni correctament. En principi, es pot garantir el funcionament correcte els 365 dies de l&#8217;any, 24 hores al dia. Tot i aix\u00f2, El Responsable no descarta la possibilitat que hi hagi certs errors de programaci\u00f3, o que esdevinguin causes de for\u00e7a major, cat\u00e0strofes naturals, vagues, o circumst\u00e0ncies semblants que facin impossible l&#8217;acc\u00e9s a la p\u00e0gina web.<\/p><h2>PROTECCI\u00d3 DE DADES<\/h2><p>El Responsable es troba profundament comprom\u00e8s en el compliment del que disposa la normativa vigent en mat\u00e8ria de protecci\u00f3 de dades, i en el context del nou marc normatiu establert en virtut del que disposa el Reglament (UE) 2016\/679 del Parlament Europeu i del Consell, de 27 d&#8217;abril de 2016, relatiu a la protecci\u00f3 de les persones f\u00edsiques pel que fa al tractament de dades personals ia la lliure circulaci\u00f3 d&#8217;aquestes dades (d&#8217;ara endavant, el \u201cRGPD\u201d), i la normativa Llei org\u00e0nica 3 \/2018, de 5 de desembre, de Protecci\u00f3 de Dades Personals i garantia dels drets digitals (d&#8217;ara endavant, el \u201cLOPDGDD\u201d).<\/p><p>Aix\u00ed mateix, El Responsable informa que d\u00f3na compliment a la Llei 34\/2002 d&#8217;11 de juliol, de Serveis de la Societat de la Informaci\u00f3 i el Comer\u00e7 Electr\u00f2nic i us sol\u00b7licitar\u00e0 el consentiment al tractament de les vostres dades amb fins comercials en cada moment.<\/p><h2>PROPIETAT INTEL\u00b7LECTUAL I INDUSTRIAL<\/h2><p>El lloc web, incloent-hi a t\u00edtol enunciatiu per\u00f2 no limitatiu la seva programaci\u00f3, edici\u00f3, compilaci\u00f3 i altres elements necessaris per al seu funcionament, els dissenys, logotips, text i\/o gr\u00e0fics s\u00f3n propietat del Responsable o si escau disposa de llic\u00e8ncia o autoritzaci\u00f3 expressa per part dels autors.<\/p><p>Tots els continguts del lloc web estan degudament protegits per la normativa de propietat intel\u00b7lectual i industrial.<\/p><p>Independentment de la finalitat per a la qual fossin destinats, la reproducci\u00f3 total o parcial, \u00fas, explotaci\u00f3, distribuci\u00f3 i comercialitzaci\u00f3 requereix en tot cas l&#8217;autoritzaci\u00f3 escrita pr\u00e8via per part del Responsable. Qualsevol \u00fas no autoritzat pr\u00e8viament per part del responsable ser\u00e0 considerat un incompliment greu dels drets de propietat intel\u00b7lectual o industrial de l&#8217;autor.<\/p><p>Els dissenys, logotips, text i\/o gr\u00e0fics aliens al prestador i que poguessin apar\u00e8ixer al lloc web, pertanyen als seus respectius propietaris, sent ells mateixos responsables de qualsevol possible controv\u00e8rsia que pogu\u00e9s suscitar-se respecte a aquests. En tot cas, El Responsable compta amb lautoritzaci\u00f3 expressa i pr\u00e8via per part dels mateixos.<\/p><p>El Responsable autoritza expressament que tercers puguin redirigir directament als continguts concrets del lloc web, i en tot cas ha de redirigir a la p\u00e0gina principal del lloc web del Responsable.<\/p><p>El Responsable reconeix a favor dels seus titulars els corresponents drets de propietat intel\u00b7lectual i industrial, no implicant la seva sola menci\u00f3 o aparici\u00f3 al lloc web l&#8217;exist\u00e8ncia de drets o responsabilitat del Responsable sobre aquests, com tampoc el suport, patrocini o recomanaci\u00f3 per la seva part.<\/p><p>Per a totes aquelles imatges en qu\u00e8 el programari de disseny ho permet, s&#8217;han incl\u00f2s les refer\u00e8ncies corresponents a l&#8217;autoria i la llic\u00e8ncia corresponent.<\/p><p>Per realitzar qualsevol tipus d&#8217;observaci\u00f3 respecte a possibles incompliments dels drets de propietat intel\u00b7lectual o industrial, aix\u00ed com sobre qualsevol dels continguts del lloc web, podeu fer-ho per escrit o correu electr\u00f2nic indicat a l&#8217;encap\u00e7alament.<\/p><h2>SSL<\/h2><p>El Responsable ha contractat per al vostre lloc web un certificat SSL (\u201cSecure Sockets Layer\u201d).<\/p><p>Un certificat SSL permet protegir tota la informaci\u00f3 personal i confidencial que es pugui manejar en un lloc web, independentment de la informaci\u00f3 que s&#8217;estigui transmetent, com ara des de qualsevol dels formularis de contacte del lloc web fins al servidor, o les dades introdu\u00efts per a la subscripci\u00f3 de butlletins de not\u00edcies o accessos a les \u00e0rees protegides, etc.<\/p><p>L&#8217;adre\u00e7a del lloc web apareixer\u00e0 de color verd, activant-se el protocol \u201chttps\u201d que permet connexions segures des d&#8217;un servidor web al navegador de l&#8217;usuari.<\/p><h2>POL\u00cdTICA DE PRIVACITAT<\/h2><p>MONFISCAL, S.L.P. informa els usuaris del lloc web sobre la seva pol\u00edtica respecte del tractament i protecci\u00f3 de les dades de car\u00e0cter personal dels usuaris i clients que puguin ser demanats per la navegaci\u00f3 a trav\u00e9s del seu lloc web.<\/p><p><strong>1.- Informaci\u00f3 a l&#8217;Usuari<\/strong><\/p><p><strong>Responsable del Tractament:<\/strong><\/p><p><strong>Ra\u00f3 Social<\/strong>: MONFISCAL, S.L.P.<br \/><strong>Domicili social<\/strong>: C. ACAD\u00c8MIA, 14 1r \u2013 25002 LLEIDA<br \/><strong>C.I.F<\/strong> N\u00ba: B25373671<br \/><strong>Dades registrals<\/strong>: Registre Mercantil de la prov\u00edncia de Lleida, Tom 428, Foli 203, Full L-8002, Inscripci\u00f3 1a, Data Lleida a 29 Juliol de 1996.<br \/><strong>Tel\u00e8fon<\/strong>: +34 973 280 352<br \/><strong>Correu electr\u00f2nic<\/strong>: monfiscal@monfiscal.com<\/p><p><strong>Finalitat del tractament de les vostres dades<\/strong>: Les dades seran utilitzades per mantenir una relaci\u00f3 comercial amb l&#8217;Usuari. Les operacions previstes per realitzar el tractament s\u00f3n:<\/p><p>\u2013 Remissi\u00f3 de comunicacions comercials publicit\u00e0ries per correu electr\u00f2nic, fax, SMS, MMS, xarxes socials o qualsevol altre mitj\u00e0 electr\u00f2nic o f\u00edsic, present o futur, que possibiliti fer comunicacions comercials. Aquestes comunicacions seran realitzades pel Responsable i relacionades amb els seus productes i serveis, o amb els dels seus col\u00b7laboradors o prove\u00efdors amb qu\u00e8 aquest hagi assolit algun acord de promoci\u00f3. En aquest cas, els tercers mai no tindran acc\u00e9s a les dades personals.<\/p><p>\u2013 Tramitar enc\u00e0rrecs, sol\u00b7licituds o qualsevol tipus de petici\u00f3 que l&#8217;usuari hagi fet a trav\u00e9s de qualsevol de les formes de contacte que es posen a la seva disposici\u00f3.<\/p><p>\u2013 Remetre el butllet\u00ed de not\u00edcies de la p\u00e0gina web.<\/p><p><strong>Criteris de conservaci\u00f3 de les dades<\/strong>: Les dades personals proporcionades es conservaran fins que no se sol\u00b7licite la suspensi\u00f3 per part de l&#8217;interessat,<\/p><p>exercint els seus drets sobre les dades, i en qualsevol cas en compliment de terminis legals de prescripci\u00f3 que li siguin aplicables.<\/p><p><strong>Legitimaci\u00f3<\/strong>: La base legal per al tractament de les dades personals est\u00e0 basada en el consentiment expr\u00e9s del mateix interessat o, si escau, en l&#8217;execuci\u00f3 d&#8217;un contracte i\/o servei. En qualsevol moment es podr\u00e0 exercir el dret a retirar el consentiment sense que aix\u00f2 afecti la licitud del tractament basat en el consentiment previ a la seva retirada.<\/p><p><strong>Destinataris<\/strong>: Les dades seran utilitzades pel Responsable Tamb\u00e9 podr\u00e0 comunicar leg\u00edtimament les dades personals amb els encarregats de tractament per a l&#8217;execuci\u00f3 d&#8217;un contracte o prestaci\u00f3 d&#8217;un servei al Responsable, seguint per aix\u00f2 les seves instruccions en tot moment i assegurant els mateixos nivells de seguretat.<\/p><p><strong>Drets<\/strong>: L&#8217;usuari t\u00e9 dret a:<\/p><ul><li>Sol\u00b7licitar l&#8217;acc\u00e9s a les vostres dades personals que s&#8217;estan tractant i rebre aquesta informaci\u00f3 per escrit pel mitj\u00e0 sol\u00b7licitat.<\/li><li>Sol\u00b7licitar la rectificaci\u00f3 de les dades personals inexactes o, si escau, sol\u00b7licitar-ne la supressi\u00f3 quan, entre altres motius, les dades ja no siguin necess\u00e0ries per a la finalitat per les quals van ser recollides.<\/li><li>Sol\u00b7licitar la limitaci\u00f3 del tractament de les vostres dades.<\/li><li>Oposar-se al tractament de les seves dades personals quan sigui procedent, cas en qu\u00e8 es deixaran de tractar les seves dades excepte per motius leg\u00edtims.<\/li><li>Dret a la portabilitat de les vostres dades personals quan el tractament estigui basat en un consentiment i s&#8217;efectu\u00ef per mitjans automatitzats. les dades es lliuraran de forma estructurada, \u00fas com\u00fa i lectura mec\u00e0nica.<\/li><li>Dret a retirar el consentiment prestat.<\/li><li>Dret a reclamar davant de l&#8217;ag\u00e8ncia espanyola de protecci\u00f3 de dades.<\/li><\/ul><p>L&#8217;usuari pot exercir els drets anteriorment indicats a trav\u00e9s de l&#8217;adre\u00e7a de correu postal o electr\u00f2nica seg\u00fcent, havent d&#8217;identificar-se degudament i sol\u00b7licita clarament el dret a exercir:<\/p><p>MONFISCAL, S.L.P.<br \/>Adre\u00e7a postal: C\/ ACAD\u00c8MIA, 14 1r \u2013 25002 \u2013 LLEIDA<br \/>Adre\u00e7a electr\u00f2nica: monfiscal@monfiscal.com<\/p><p><strong>Proced\u00e8ncia de les dades<\/strong>: Les dades personals seran facilitades pel propi interessat de manera absolutament volunt\u00e0ria. La manca de facilitar determinades dades o preguntes que poguessin formular-se en els processos de registre o en els diferents formularis electr\u00f2nics que se li presentin a l&#8217;Usuari, pot provocar la impossibilitat d&#8217;acc\u00e9s a determinats serveis per a la prestaci\u00f3 dels quals \u00e9s imprescindible disposar de les dades de car\u00e0cter personal , en aquest cas El Responsable informar\u00e0 del car\u00e0cter obligatori i\/o necessari de facilitar les dades personals per al funcionament del servei.<\/p><p>El Responsable us assegura la confidencialitat de les vostres dades personals i us garanteix la seguretat d&#8217;aquestes, adoptant les mesures necess\u00e0ries per evitar la vostra alteraci\u00f3, p\u00e8rdua, tractament o acc\u00e9s no autoritzat.<\/p><p><strong>2.- Informaci\u00f3 facilitada per l&#8217;usuari<\/strong><\/p><p>Si sou menors de 18 anys no est\u00e0 perm\u00e8s l&#8217;\u00fas de formularis a la nostra web.<\/p><p>Els Usuaris, introduint les seves dades als formularis de contacte o presentats en formularis de desc\u00e0rrega, accepten expressament i de forma lliure i inequ\u00edvoca, que les seves dades s\u00f3n necess\u00e0ries per atendre la seva petici\u00f3, per part del Responsable, sent volunt\u00e0ria la inclusi\u00f3 de dades als camps restants.<\/p><p>L&#8217;Usuari garanteix que les dades personals facilitades s\u00f3n veraces i es fa responsable de comunicar-ne qualsevol modificaci\u00f3.<\/p><p>Totes les dades sol\u00b7licitades a trav\u00e9s del lloc web s\u00f3n necess\u00e0ries per prestar un servei \u00f2ptim a l&#8217;Usuari. En cas que no siguin facilitades totes les dades, no es garanteix que la informaci\u00f3 i els serveis que El Responsable li faciliti, siguin completament ajustats a les seves necessitats.<\/p><p><strong>3.-Mesures de seguretat<\/strong><\/p><p>Que de conformitat amb el que disposen les normatives vigents en mat\u00e8ria de protecci\u00f3 de dades personals, El Responsable est\u00e0 complint amb totes les disposicions de les normatives RGPD i LOPDGDD per al tractament de les dades personals de la seva responsabilitat, les quals s\u00f3n tractades de manera l\u00edcita , lleial i transparent en relaci\u00f3 amb linteressat i adequats, pertinents i limitats al necessari en relaci\u00f3 amb els fins per als quals s\u00f3n tractats.<\/p><p>El Responsable garanteix que ha implementat pol\u00edtiques t\u00e8cniques i organitzatives apropiades per aplicar les mesures de seguretat que estableixen el RGPD i la LOPDGDD per tal de protegir els drets i les llibertats dels Usuaris i els ha comunicat la informaci\u00f3 adequada perqu\u00e8 puguin exercir-los.<\/p><p><strong>4.- Bretxes de Seguretat<\/strong><\/p><p>El Responsable informar\u00e0 sobre qualsevol bretxa de seguretat que afecti la base de dades que utilitza aquest lloc web, o que afecti qualsevol dels nostres serveis de tercers, totes i cadascuna de les persones, dades de les quals puguin haver estat afectades, i autoritats, dins de les 72 hores seg\u00fcents a la detecci\u00f3 de la bretxa.<\/p><h2>LEGISLACI\u00d3 APLICABLE I JURISDICCI\u00d3<\/h2><p>Per a la resoluci\u00f3 de totes les controv\u00e8rsies o q\u00fcestions relacionades amb el present lloc web o de les activitats que s&#8217;hi desenvolupin, ser\u00e0 aplicable la legislaci\u00f3 espanyola, a la qual se sotmeten expressament les parts, sent competents per a la resoluci\u00f3 de tots els conflictes derivats o relacionats amb el seu \u00fas els jutjats i els tribunals de Lleida.<\/p>\t\t\t\t\t\t\t\t<\/div>\n\t\t\t\t<\/div>\n\t\t\t\t<\/div>\n\t\t\t\t\t<\/div>\n\t\t\t\t<\/div>\n\t\t\t\t<\/div>\n\t\t","protected":false},"excerpt":{"rendered":"<p>Av\u00eds Legal i Pol\u00edtica de Privadesa RESPONSABLE DEL TRACTAMENT DE LES DADES Aquest av\u00eds i la informaci\u00f3 legal regula l&#8217;\u00fas del servei del portal d&#8217;Internet sota el domini: http:\/\/monfiscal.com En compliment del deure informaci\u00f3 que estableix la Llei La 34\/2002, d&#8217;11 de juliol, de Serveis de la Societat de la Informaci\u00f3 i del Comer\u00e7 Electr\u00f2nic, [&hellip;]<\/p>\n","protected":false},"author":2,"featured_media":0,"parent":0,"menu_order":0,"comment_status":"closed","ping_status":"closed","template":"","meta":{"footnotes":""},"class_list":["post-983","page","type-page","status-publish","hentry"],"_links":{"self":[{"href":"https:\/\/monfiscal.com\/ca\/wp-json\/wp\/v2\/pages\/983","targetHints":{"allow":["GET"]}}],"collection":[{"href":"https:\/\/monfiscal.com\/ca\/wp-json\/wp\/v2\/pages"}],"about":[{"href":"https:\/\/monfiscal.com\/ca\/wp-json\/wp\/v2\/types\/page"}],"author":[{"embeddable":true,"href":"https:\/\/monfiscal.com\/ca\/wp-json\/wp\/v2\/users\/2"}],"replies":[{"embeddable":true,"href":"https:\/\/monfiscal.com\/ca\/wp-json\/wp\/v2\/comments?post=983"}],"version-history":[{"count":4,"href":"https:\/\/monfiscal.com\/ca\/wp-json\/wp\/v2\/pages\/983\/revisions"}],"predecessor-version":[{"id":1016,"href":"https:\/\/monfiscal.com\/ca\/wp-json\/wp\/v2\/pages\/983\/revisions\/1016"}],"wp:attachment":[{"href":"https:\/\/monfiscal.com\/ca\/wp-json\/wp\/v2\/media?parent=983"}],"curies":[{"name":"wp","href":"https:\/\/api.w.org\/{rel}","templated":true}]}}